{"id":20705,"date":"2019-01-12T12:33:51","date_gmt":"2019-01-12T11:33:51","guid":{"rendered":"http:\/\/lasoleiadoix.cat\/installacions\/bar-restaurant\/"},"modified":"2025-06-14T16:31:08","modified_gmt":"2025-06-14T14:31:08","slug":"bar-restaurant","status":"publish","type":"page","link":"https:\/\/lasoleiadoix.cat\/fr\/installacions\/bar-restaurant\/","title":{"rendered":"Bar &#8211; Restaurant"},"content":{"rendered":"<p><strong>Dans notre Bar &#8211; Restaurant, nous vous offrons un espace gastronomique avec des options pour tous.<\/strong><br \/>\nNous proposons des services de petit-d\u00e9jeuner, demi-pension et pension compl\u00e8te, en nous adaptant aux besoins de chacun.<\/p>\n<p>\u00c0 la carte du restaurant, vous trouverez une vari\u00e9t\u00e9 de plats pour tous les go\u00fbts. Notre sp\u00e9cialit\u00e9 est la viande grill\u00e9e, fra\u00eeche et de proximit\u00e9, accompagn\u00e9e d&rsquo;une d\u00e9licieuse tranche de pain \u00e0 la tomate.<\/p>\n<p>Au bar, nous servons des petits-d\u00e9jeuners, des sandwiches froids et chauds, des tartines et des viennoiseries fra\u00eechement pr\u00e9par\u00e9es. Nous proposons \u00e9galement des tapas et des pizzas, id\u00e9ales \u00e0 tout moment de la journ\u00e9e. En outre, nous offrons un service de plats \u00e0 emporter pour que vous puissiez profiter de nos sp\u00e9cialit\u00e9s o\u00f9 que vous soyez.<\/p>\n<p>En basse saison, le bar est <strong>FERM\u00c9 EN SEMAINE<\/strong>, il ouvre le vendredi apr\u00e8s-midi et ferme le dimanche apr\u00e8s-midi. Le restaurant est <strong>FERM\u00c9 les LUNDIS et MARDIS<\/strong>.<\/p>\n","protected":false},"excerpt":{"rendered":"<p>Dans notre Bar &#8211; Restaurant, nous vous offrons un espace [&hellip;]<\/p>\n","protected":false},"author":2,"featured_media":19926,"parent":20703,"menu_order":0,"comment_status":"closed","ping_status":"closed","template":"","meta":{"_acf_changed":false,"_monsterinsights_skip_tracking":false,"_monsterinsights_sitenote_active":false,"_monsterinsights_sitenote_note":"","_monsterinsights_sitenote_category":0,"footnotes":""},"class_list":["post-20705","page","type-page","status-publish","has-post-thumbnail","hentry"],"acf":[],"yoast_head":"<!-- This site is optimized with the Yoast SEO plugin v27.4 - https:\/\/yoast.com\/product\/yoast-seo-wordpress\/ -->\n<title>Bar - Restaurant - La soleia d&#039;Oix<\/title>\n<meta name=\"description\" content=\"Dans notre Bar - Restaurant, nous vous offrons un espace gastronomique avec des options pour tous. Nous proposons des services de petit-d\u00e9jeuner,\" \/>\n<meta name=\"robots\" content=\"index, follow, max-snippet:-1, max-image-preview:large, max-video-preview:-1\" \/>\n<link rel=\"canonical\" href=\"https:\/\/lasoleiadoix.cat\/fr\/installacions\/bar-restaurant\/\" \/>\n<meta property=\"og:locale\" content=\"fr_FR\" \/>\n<meta property=\"og:type\" content=\"article\" \/>\n<meta property=\"og:title\" content=\"Bar - Restaurant - La soleia d&#039;Oix\" \/>\n<meta property=\"og:description\" content=\"Dans notre Bar - Restaurant, nous vous offrons un espace gastronomique avec des options pour tous. Nous proposons des services de petit-d\u00e9jeuner,\" \/>\n<meta property=\"og:url\" content=\"https:\/\/lasoleiadoix.cat\/fr\/installacions\/bar-restaurant\/\" \/>\n<meta property=\"og:site_name\" content=\"La soleia d&#039;Oix\" \/>\n<meta property=\"article:modified_time\" content=\"2025-06-14T14:31:08+00:00\" \/>\n<meta property=\"og:image\" content=\"https:\/\/lasoleiadoix.cat\/wp-content\/uploads\/20160720-155651-1.jpg\" \/>\n\t<meta property=\"og:image:width\" content=\"2048\" \/>\n\t<meta property=\"og:image:height\" content=\"1536\" \/>\n\t<meta property=\"og:image:type\" content=\"image\/jpeg\" \/>\n<meta name=\"twitter:card\" content=\"summary_large_image\" \/>\n<meta name=\"twitter:label1\" content=\"Dur\u00e9e de lecture estim\u00e9e\" \/>\n\t<meta name=\"twitter:data1\" content=\"2 minutes\" \/>\n<script type=\"application\/ld+json\" class=\"yoast-schema-graph\">{\"@context\":\"https:\\\/\\\/schema.org\",\"@graph\":[{\"@type\":\"WebPage\",\"@id\":\"https:\\\/\\\/lasoleiadoix.cat\\\/fr\\\/installacions\\\/bar-restaurant\\\/\",\"url\":\"https:\\\/\\\/lasoleiadoix.cat\\\/fr\\\/installacions\\\/bar-restaurant\\\/\",\"name\":\"Bar - Restaurant - La soleia d&#039;Oix\",\"isPartOf\":{\"@id\":\"https:\\\/\\\/lasoleiadoix.cat\\\/#website\"},\"primaryImageOfPage\":{\"@id\":\"https:\\\/\\\/lasoleiadoix.cat\\\/fr\\\/installacions\\\/bar-restaurant\\\/#primaryimage\"},\"image\":{\"@id\":\"https:\\\/\\\/lasoleiadoix.cat\\\/fr\\\/installacions\\\/bar-restaurant\\\/#primaryimage\"},\"thumbnailUrl\":\"https:\\\/\\\/lasoleiadoix.cat\\\/wp-content\\\/uploads\\\/20160720-155651-1.jpg\",\"datePublished\":\"2019-01-12T11:33:51+00:00\",\"dateModified\":\"2025-06-14T14:31:08+00:00\",\"description\":\"Dans notre Bar - Restaurant, nous vous offrons un espace gastronomique avec des options pour tous. Nous proposons des services de petit-d\u00e9jeuner,\",\"breadcrumb\":{\"@id\":\"https:\\\/\\\/lasoleiadoix.cat\\\/fr\\\/installacions\\\/bar-restaurant\\\/#breadcrumb\"},\"inLanguage\":\"fr-FR\",\"potentialAction\":[{\"@type\":\"ReadAction\",\"target\":[\"https:\\\/\\\/lasoleiadoix.cat\\\/fr\\\/installacions\\\/bar-restaurant\\\/\"]}]},{\"@type\":\"ImageObject\",\"inLanguage\":\"fr-FR\",\"@id\":\"https:\\\/\\\/lasoleiadoix.cat\\\/fr\\\/installacions\\\/bar-restaurant\\\/#primaryimage\",\"url\":\"https:\\\/\\\/lasoleiadoix.cat\\\/wp-content\\\/uploads\\\/20160720-155651-1.jpg\",\"contentUrl\":\"https:\\\/\\\/lasoleiadoix.cat\\\/wp-content\\\/uploads\\\/20160720-155651-1.jpg\",\"width\":2048,\"height\":1536},{\"@type\":\"BreadcrumbList\",\"@id\":\"https:\\\/\\\/lasoleiadoix.cat\\\/fr\\\/installacions\\\/bar-restaurant\\\/#breadcrumb\",\"itemListElement\":[{\"@type\":\"ListItem\",\"position\":1,\"name\":\"Home\",\"item\":\"https:\\\/\\\/lasoleiadoix.cat\\\/fr\\\/\"},{\"@type\":\"ListItem\",\"position\":2,\"name\":\"Installations\",\"item\":\"https:\\\/\\\/lasoleiadoix.cat\\\/installacions\\\/\"},{\"@type\":\"ListItem\",\"position\":3,\"name\":\"Bar &#8211; Restaurant\"}]},{\"@type\":\"WebSite\",\"@id\":\"https:\\\/\\\/lasoleiadoix.cat\\\/#website\",\"url\":\"https:\\\/\\\/lasoleiadoix.cat\\\/\",\"name\":\"La soleia d&#039;Oix\",\"description\":\"Som un petit c\u00e0mping de muntanya situat a l&#039;Espai d&#039;Inter\u00e8s Natural de l&#039;Alta Garrotxa\",\"publisher\":{\"@id\":\"https:\\\/\\\/lasoleiadoix.cat\\\/#organization\"},\"potentialAction\":[{\"@type\":\"SearchAction\",\"target\":{\"@type\":\"EntryPoint\",\"urlTemplate\":\"https:\\\/\\\/lasoleiadoix.cat\\\/?s={search_term_string}\"},\"query-input\":{\"@type\":\"PropertyValueSpecification\",\"valueRequired\":true,\"valueName\":\"search_term_string\"}}],\"inLanguage\":\"fr-FR\"},{\"@type\":\"Organization\",\"@id\":\"https:\\\/\\\/lasoleiadoix.cat\\\/#organization\",\"name\":\"La soleia d&#039;Oix\",\"url\":\"https:\\\/\\\/lasoleiadoix.cat\\\/\",\"logo\":{\"@type\":\"ImageObject\",\"inLanguage\":\"fr-FR\",\"@id\":\"https:\\\/\\\/lasoleiadoix.cat\\\/#\\\/schema\\\/logo\\\/image\\\/\",\"url\":\"https:\\\/\\\/lasoleiadoix.cat\\\/wp-content\\\/uploads\\\/logo-1.png\",\"contentUrl\":\"https:\\\/\\\/lasoleiadoix.cat\\\/wp-content\\\/uploads\\\/logo-1.png\",\"width\":468,\"height\":120,\"caption\":\"La soleia d&#039;Oix\"},\"image\":{\"@id\":\"https:\\\/\\\/lasoleiadoix.cat\\\/#\\\/schema\\\/logo\\\/image\\\/\"}}]}<\/script>\n<!-- \/ Yoast SEO plugin. -->","yoast_head_json":{"title":"Bar - Restaurant - La soleia d&#039;Oix","description":"Dans notre Bar - Restaurant, nous vous offrons un espace gastronomique avec des options pour tous. Nous proposons des services de petit-d\u00e9jeuner,","robots":{"index":"index","follow":"follow","max-snippet":"max-snippet:-1","max-image-preview":"max-image-preview:large","max-video-preview":"max-video-preview:-1"},"canonical":"https:\/\/lasoleiadoix.cat\/fr\/installacions\/bar-restaurant\/","og_locale":"fr_FR","og_type":"article","og_title":"Bar - Restaurant - La soleia d&#039;Oix","og_description":"Dans notre Bar - Restaurant, nous vous offrons un espace gastronomique avec des options pour tous. Nous proposons des services de petit-d\u00e9jeuner,","og_url":"https:\/\/lasoleiadoix.cat\/fr\/installacions\/bar-restaurant\/","og_site_name":"La soleia d&#039;Oix","article_modified_time":"2025-06-14T14:31:08+00:00","og_image":[{"width":2048,"height":1536,"url":"https:\/\/lasoleiadoix.cat\/wp-content\/uploads\/20160720-155651-1.jpg","type":"image\/jpeg"}],"twitter_card":"summary_large_image","twitter_misc":{"Dur\u00e9e de lecture estim\u00e9e":"2 minutes"},"schema":{"@context":"https:\/\/schema.org","@graph":[{"@type":"WebPage","@id":"https:\/\/lasoleiadoix.cat\/fr\/installacions\/bar-restaurant\/","url":"https:\/\/lasoleiadoix.cat\/fr\/installacions\/bar-restaurant\/","name":"Bar - Restaurant - La soleia d&#039;Oix","isPartOf":{"@id":"https:\/\/lasoleiadoix.cat\/#website"},"primaryImageOfPage":{"@id":"https:\/\/lasoleiadoix.cat\/fr\/installacions\/bar-restaurant\/#primaryimage"},"image":{"@id":"https:\/\/lasoleiadoix.cat\/fr\/installacions\/bar-restaurant\/#primaryimage"},"thumbnailUrl":"https:\/\/lasoleiadoix.cat\/wp-content\/uploads\/20160720-155651-1.jpg","datePublished":"2019-01-12T11:33:51+00:00","dateModified":"2025-06-14T14:31:08+00:00","description":"Dans notre Bar - Restaurant, nous vous offrons un espace gastronomique avec des options pour tous. Nous proposons des services de petit-d\u00e9jeuner,","breadcrumb":{"@id":"https:\/\/lasoleiadoix.cat\/fr\/installacions\/bar-restaurant\/#breadcrumb"},"inLanguage":"fr-FR","potentialAction":[{"@type":"ReadAction","target":["https:\/\/lasoleiadoix.cat\/fr\/installacions\/bar-restaurant\/"]}]},{"@type":"ImageObject","inLanguage":"fr-FR","@id":"https:\/\/lasoleiadoix.cat\/fr\/installacions\/bar-restaurant\/#primaryimage","url":"https:\/\/lasoleiadoix.cat\/wp-content\/uploads\/20160720-155651-1.jpg","contentUrl":"https:\/\/lasoleiadoix.cat\/wp-content\/uploads\/20160720-155651-1.jpg","width":2048,"height":1536},{"@type":"BreadcrumbList","@id":"https:\/\/lasoleiadoix.cat\/fr\/installacions\/bar-restaurant\/#breadcrumb","itemListElement":[{"@type":"ListItem","position":1,"name":"Home","item":"https:\/\/lasoleiadoix.cat\/fr\/"},{"@type":"ListItem","position":2,"name":"Installations","item":"https:\/\/lasoleiadoix.cat\/installacions\/"},{"@type":"ListItem","position":3,"name":"Bar &#8211; Restaurant"}]},{"@type":"WebSite","@id":"https:\/\/lasoleiadoix.cat\/#website","url":"https:\/\/lasoleiadoix.cat\/","name":"La soleia d&#039;Oix","description":"Som un petit c\u00e0mping de muntanya situat a l&#039;Espai d&#039;Inter\u00e8s Natural de l&#039;Alta Garrotxa","publisher":{"@id":"https:\/\/lasoleiadoix.cat\/#organization"},"potentialAction":[{"@type":"SearchAction","target":{"@type":"EntryPoint","urlTemplate":"https:\/\/lasoleiadoix.cat\/?s={search_term_string}"},"query-input":{"@type":"PropertyValueSpecification","valueRequired":true,"valueName":"search_term_string"}}],"inLanguage":"fr-FR"},{"@type":"Organization","@id":"https:\/\/lasoleiadoix.cat\/#organization","name":"La soleia d&#039;Oix","url":"https:\/\/lasoleiadoix.cat\/","logo":{"@type":"ImageObject","inLanguage":"fr-FR","@id":"https:\/\/lasoleiadoix.cat\/#\/schema\/logo\/image\/","url":"https:\/\/lasoleiadoix.cat\/wp-content\/uploads\/logo-1.png","contentUrl":"https:\/\/lasoleiadoix.cat\/wp-content\/uploads\/logo-1.png","width":468,"height":120,"caption":"La soleia d&#039;Oix"},"image":{"@id":"https:\/\/lasoleiadoix.cat\/#\/schema\/logo\/image\/"}}]}},"_links":{"self":[{"href":"https:\/\/lasoleiadoix.cat\/fr\/wp-json\/wp\/v2\/pages\/20705","targetHints":{"allow":["GET"]}}],"collection":[{"href":"https:\/\/lasoleiadoix.cat\/fr\/wp-json\/wp\/v2\/pages"}],"about":[{"href":"https:\/\/lasoleiadoix.cat\/fr\/wp-json\/wp\/v2\/types\/page"}],"author":[{"embeddable":true,"href":"https:\/\/lasoleiadoix.cat\/fr\/wp-json\/wp\/v2\/users\/2"}],"replies":[{"embeddable":true,"href":"https:\/\/lasoleiadoix.cat\/fr\/wp-json\/wp\/v2\/comments?post=20705"}],"version-history":[{"count":3,"href":"https:\/\/lasoleiadoix.cat\/fr\/wp-json\/wp\/v2\/pages\/20705\/revisions"}],"predecessor-version":[{"id":21790,"href":"https:\/\/lasoleiadoix.cat\/fr\/wp-json\/wp\/v2\/pages\/20705\/revisions\/21790"}],"up":[{"embeddable":true,"href":"https:\/\/lasoleiadoix.cat\/fr\/wp-json\/wp\/v2\/pages\/20703"}],"wp:featuredmedia":[{"embeddable":true,"href":"https:\/\/lasoleiadoix.cat\/fr\/wp-json\/wp\/v2\/media\/19926"}],"wp:attachment":[{"href":"https:\/\/lasoleiadoix.cat\/fr\/wp-json\/wp\/v2\/media?parent=20705"}],"curies":[{"name":"wp","href":"https:\/\/api.w.org\/{rel}","templated":true}]}}