{"id":20652,"date":"2018-11-26T15:35:17","date_gmt":"2018-11-26T14:35:17","guid":{"rendered":"http:\/\/lasoleiadoix.cat\/allotjament\/bungalows\/"},"modified":"2025-07-05T08:15:11","modified_gmt":"2025-07-05T06:15:11","slug":"bungalows","status":"publish","type":"page","link":"https:\/\/lasoleiadoix.cat\/fr\/allotjament\/bungalows\/","title":{"rendered":"Bungalows"},"content":{"rendered":"<p><strong>Profitez de la nature avec tout le confort !<\/strong><br \/>\nNos bungalows en bois sont l&rsquo;option id\u00e9ale pour ceux qui recherchent un \u00e9quilibre entre le confort d&rsquo;une maison et le charme de la nature environnante. Id\u00e9als pour les familles, les couples ou les petits groupes, ils sont con\u00e7us pour vous offrir une exp\u00e9rience chaleureuse et relaxante. Nous disposons de 8 bungalows, chacun pouvant accueillir jusqu&rsquo;\u00e0 6 personnes.<\/p>\n<h3><strong>\u00c9quipement complet pour un s\u00e9jour inoubliable<\/strong><\/h3>\n<ul>\n<li>Chambre avec un lit double au rez-de-chauss\u00e9e et mezzanine avec un lit double et deux lits simples. Les lits sont \u00e9quip\u00e9s d&rsquo;oreillers et de couvre-lits, mais les draps et les couvertures ne sont pas inclus. Options de location disponibles : le jeu de draps co\u00fbte 3 \u20ac et la couverture 5 \u20ac (paiement unique, pas par nuit !).<\/li>\n<li>Salle de bain priv\u00e9e avec douche. Les serviettes ne sont pas incluses, mais peuvent \u00eatre lou\u00e9es pour 3 \u20ac par jeu (paiement unique, pas par nuit). Les produits d&rsquo;hygi\u00e8ne personnelle ne sont pas fournis.<\/li>\n<li>Cuisine \u00e9quip\u00e9e avec r\u00e9frig\u00e9rateur, micro-ondes, plaque de cuisson \u00e9lectrique, cafeti\u00e8re italienne (pour caf\u00e9 moulu), vaisselle, couverts, po\u00eales, casseroles et ustensiles de cuisine de base (pas de grille-pain ni de presse-agrumes). Le n\u00e9cessaire pour faire la vaisselle est \u00e9galement inclus.<\/li>\n<li>Chauffage, climatisation et eau chaude (notez que le r\u00e9servoir a une capacit\u00e9 de 50 litres).<\/li>\n<li>Terrasse priv\u00e9e avec mobilier ext\u00e9rieur pour profiter du plein air.<\/li>\n<li>Parking gratuit pour un v\u00e9hicule situ\u00e9 \u00e0 gauche du bungalow.<\/li>\n<\/ul>\n<h3><strong>Les animaux de compagnie sont les bienvenus !<\/strong><\/h3>\n<p>Nous savons que les animaux de compagnie font partie de la famille. C&rsquo;est pourquoi nous acceptons jusqu&rsquo;\u00e0 2 animaux par bungalow avec un suppl\u00e9ment de 7,50 \u20ac par animal et par nuit. Veuillez vous assurer qu&rsquo;ils sont tenus en laisse en permanence dans le camping. Les propri\u00e9taires sont responsables de garantir que leurs animaux ne d\u00e9rangent pas les autres campeurs et de ramasser les d\u00e9jections de leurs animaux dans le camping.<\/p>\n<hr \/>\n<h3><strong>Politique de caution et d&rsquo;annulation\/modification de r\u00e9servation<\/strong><\/h3>\n<ul>\n<li>\u00c0 votre arriv\u00e9e, une caution de 50 \u20ac par bungalow sera demand\u00e9e comme garantie pour le bon usage des installations.\n<ul>\n<li>La caution peut \u00eatre pay\u00e9e en esp\u00e8ces ou carte de cr\u00e9dit\/d\u00e9bit.<\/li>\n<li>Elle sera int\u00e9gralement restitu\u00e9e \u00e0 la fin de votre s\u00e9jour apr\u00e8s v\u00e9rification que le logement est en bon \u00e9tat.<\/li>\n<\/ul>\n<\/li>\n<li>Vous pouvez annuler ou modifier votre r\u00e9servation jusqu&rsquo;\u00e0 5 jours avant la date d&rsquo;arriv\u00e9e.\n<ul>\n<li>Si l&rsquo;annulation ou la modification est effectu\u00e9e apr\u00e8s ce d\u00e9lai, l&rsquo;acompte ne sera pas rembours\u00e9.<\/li>\n<\/ul>\n<\/li>\n<\/ul>\n<hr \/>\n<h3><strong>R\u00e8gles et informations importantes<\/strong><\/h3>\n<ul>\n<li><strong>Check-in :<\/strong> \u00c0 partir de 15h00.<\/li>\n<li><strong>Check-out :<\/strong> Avant 12h00.\n<ul>\n<li>Sur demande pr\u00e9alable, vous pouvez avancer l&rsquo;arriv\u00e9e \u00e0 12h00 et prolonger le d\u00e9part jusqu&rsquo;\u00e0 16h00.<\/li>\n<\/ul>\n<\/li>\n<li><strong>Heures de silence :<\/strong> De 00h00 \u00e0 8h00. Il est tr\u00e8s important de respecter cette r\u00e8gle pour garantir le repos de tous les campeurs. De plus, en journ\u00e9e, pour une bonne cohabitation, nous vous demandons d&rsquo;utiliser la radio et autres appareils \u00e9lectroniques \u00e0 un volume mod\u00e9r\u00e9 afin de ne pas d\u00e9ranger les autres campeurs.<\/li>\n<\/ul>\n<hr \/>\n<h3><strong>Engagement envers l&rsquo;environnement<\/strong><\/h3>\n<p>Au Camping La Soleia d\u2019Oix, nous sommes entour\u00e9s d\u2019un environnement naturel privil\u00e9gi\u00e9 et nous souhaitons le pr\u00e9server ensemble. C\u2019est pourquoi le tri s\u00e9lectif est obligatoire pour tous nos visiteurs.<\/p>\n<p>Dans nos bungalows, vous trouverez tout le n\u00e9cessaire pour s\u00e9parer correctement vos d\u00e9chets :<\/p>\n<ul>\n<li>Verre, emballages\/plastiques et papier\/carton sous l\u2019\u00e9vier dans des sacs s\u00e9par\u00e9s.<\/li>\n<li>D\u00e9chets non recyclables (rejet) sous l\u2019\u00e9vier dans une petite poubelle.<\/li>\n<li>D\u00e9chets organiques sur le plan de travail de la cuisine dans un sac compostable.<\/li>\n<\/ul>\n<p>Vous devez vider les poubelles dans les conteneurs pr\u00e9vus \u00e0 cet effet \u00e0 l&rsquo;entr\u00e9e du camping, chacun dans son propre conteneur, et les rapporter au bungalow. La poubelle est verrouill\u00e9e\u00a0; si vous devez y jeter des d\u00e9chets, veuillez d&rsquo;abord vous rendre \u00e0 la r\u00e9ception ou appeler le 972294561. Nous n&rsquo;ouvrirons ces conteneurs que s&rsquo;ils ont \u00e9t\u00e9 recycl\u00e9s correctement.<\/p>\n<hr \/>\n<p><strong>Votre escapade parfaite vous attend !<\/strong><br \/>\nNous avons pens\u00e9 \u00e0 chaque d\u00e9tail pour que vous profitiez d&rsquo;une exp\u00e9rience unique en pleine nature, avec tout le confort et une atmosph\u00e8re chaleureuse et familiale. D\u00e9connectez-vous de la routine, respirez l&rsquo;air pur et cr\u00e9ez des moments inoubliables avec vos proches.<\/p>\n<p>R\u00e9servez d\u00e8s maintenant et pr\u00e9parez-vous \u00e0 vivre l\u2019aventure, la tranquillit\u00e9 et le confort dans un cadre privil\u00e9gi\u00e9.<\/p>\n","protected":false},"excerpt":{"rendered":"<p>Profitez de la nature avec tout le confort ! Nos [&hellip;]<\/p>\n","protected":false},"author":3,"featured_media":19440,"parent":20649,"menu_order":1,"comment_status":"closed","ping_status":"closed","template":"","meta":{"_acf_changed":false,"_monsterinsights_skip_tracking":false,"_monsterinsights_sitenote_active":false,"_monsterinsights_sitenote_note":"","_monsterinsights_sitenote_category":0,"footnotes":""},"class_list":["post-20652","page","type-page","status-publish","has-post-thumbnail","hentry"],"acf":[],"yoast_head":"<!-- This site is optimized with the Yoast SEO plugin v27.6 - https:\/\/yoast.com\/product\/yoast-seo-wordpress\/ -->\n<title>Bungalows - La soleia d&#039;Oix<\/title>\n<meta name=\"description\" content=\"Profitez de la nature avec tout le confort ! Nos bungalows en bois sont l&#039;option id\u00e9ale pour ceux qui recherchent un \u00e9quilibre entre le confort d&#039;une\" \/>\n<meta name=\"robots\" content=\"index, follow, max-snippet:-1, max-image-preview:large, max-video-preview:-1\" \/>\n<link rel=\"canonical\" href=\"https:\/\/lasoleiadoix.cat\/fr\/allotjament\/bungalows\/\" \/>\n<meta property=\"og:locale\" content=\"fr_FR\" \/>\n<meta property=\"og:type\" content=\"article\" \/>\n<meta property=\"og:title\" content=\"Bungalows - La soleia d&#039;Oix\" \/>\n<meta property=\"og:description\" content=\"Profitez de la nature avec tout le confort ! Nos bungalows en bois sont l&#039;option id\u00e9ale pour ceux qui recherchent un \u00e9quilibre entre le confort d&#039;une\" \/>\n<meta property=\"og:url\" content=\"https:\/\/lasoleiadoix.cat\/fr\/allotjament\/bungalows\/\" \/>\n<meta property=\"og:site_name\" content=\"La soleia d&#039;Oix\" \/>\n<meta property=\"article:modified_time\" content=\"2025-07-05T06:15:11+00:00\" \/>\n<meta property=\"og:image\" content=\"https:\/\/lasoleiadoix.cat\/wp-content\/uploads\/bungalow5.jpg\" \/>\n\t<meta property=\"og:image:width\" content=\"1500\" \/>\n\t<meta property=\"og:image:height\" content=\"844\" \/>\n\t<meta property=\"og:image:type\" content=\"image\/jpeg\" \/>\n<meta name=\"twitter:card\" content=\"summary_large_image\" \/>\n<meta name=\"twitter:label1\" content=\"Dur\u00e9e de lecture estim\u00e9e\" \/>\n\t<meta name=\"twitter:data1\" content=\"5 minutes\" \/>\n<script type=\"application\/ld+json\" class=\"yoast-schema-graph\">{\"@context\":\"https:\\\/\\\/schema.org\",\"@graph\":[{\"@type\":\"WebPage\",\"@id\":\"https:\\\/\\\/lasoleiadoix.cat\\\/fr\\\/allotjament\\\/bungalows\\\/\",\"url\":\"https:\\\/\\\/lasoleiadoix.cat\\\/fr\\\/allotjament\\\/bungalows\\\/\",\"name\":\"Bungalows - La soleia d&#039;Oix\",\"isPartOf\":{\"@id\":\"https:\\\/\\\/lasoleiadoix.cat\\\/#website\"},\"primaryImageOfPage\":{\"@id\":\"https:\\\/\\\/lasoleiadoix.cat\\\/fr\\\/allotjament\\\/bungalows\\\/#primaryimage\"},\"image\":{\"@id\":\"https:\\\/\\\/lasoleiadoix.cat\\\/fr\\\/allotjament\\\/bungalows\\\/#primaryimage\"},\"thumbnailUrl\":\"https:\\\/\\\/lasoleiadoix.cat\\\/wp-content\\\/uploads\\\/bungalow5.jpg\",\"datePublished\":\"2018-11-26T14:35:17+00:00\",\"dateModified\":\"2025-07-05T06:15:11+00:00\",\"description\":\"Profitez de la nature avec tout le confort ! Nos bungalows en bois sont l'option id\u00e9ale pour ceux qui recherchent un \u00e9quilibre entre le confort d'une\",\"breadcrumb\":{\"@id\":\"https:\\\/\\\/lasoleiadoix.cat\\\/fr\\\/allotjament\\\/bungalows\\\/#breadcrumb\"},\"inLanguage\":\"fr-FR\",\"potentialAction\":[{\"@type\":\"ReadAction\",\"target\":[\"https:\\\/\\\/lasoleiadoix.cat\\\/fr\\\/allotjament\\\/bungalows\\\/\"]}]},{\"@type\":\"ImageObject\",\"inLanguage\":\"fr-FR\",\"@id\":\"https:\\\/\\\/lasoleiadoix.cat\\\/fr\\\/allotjament\\\/bungalows\\\/#primaryimage\",\"url\":\"https:\\\/\\\/lasoleiadoix.cat\\\/wp-content\\\/uploads\\\/bungalow5.jpg\",\"contentUrl\":\"https:\\\/\\\/lasoleiadoix.cat\\\/wp-content\\\/uploads\\\/bungalow5.jpg\",\"width\":1500,\"height\":844},{\"@type\":\"BreadcrumbList\",\"@id\":\"https:\\\/\\\/lasoleiadoix.cat\\\/fr\\\/allotjament\\\/bungalows\\\/#breadcrumb\",\"itemListElement\":[{\"@type\":\"ListItem\",\"position\":1,\"name\":\"Home\",\"item\":\"https:\\\/\\\/lasoleiadoix.cat\\\/fr\\\/\"},{\"@type\":\"ListItem\",\"position\":2,\"name\":\"H\u00e9bergement\",\"item\":\"https:\\\/\\\/lasoleiadoix.cat\\\/allotjament\\\/\"},{\"@type\":\"ListItem\",\"position\":3,\"name\":\"Bungalows\"}]},{\"@type\":\"WebSite\",\"@id\":\"https:\\\/\\\/lasoleiadoix.cat\\\/#website\",\"url\":\"https:\\\/\\\/lasoleiadoix.cat\\\/\",\"name\":\"La soleia d&#039;Oix\",\"description\":\"Som un petit c\u00e0mping de muntanya situat a l&#039;Espai d&#039;Inter\u00e8s Natural de l&#039;Alta Garrotxa\",\"publisher\":{\"@id\":\"https:\\\/\\\/lasoleiadoix.cat\\\/#organization\"},\"potentialAction\":[{\"@type\":\"SearchAction\",\"target\":{\"@type\":\"EntryPoint\",\"urlTemplate\":\"https:\\\/\\\/lasoleiadoix.cat\\\/?s={search_term_string}\"},\"query-input\":{\"@type\":\"PropertyValueSpecification\",\"valueRequired\":true,\"valueName\":\"search_term_string\"}}],\"inLanguage\":\"fr-FR\"},{\"@type\":\"Organization\",\"@id\":\"https:\\\/\\\/lasoleiadoix.cat\\\/#organization\",\"name\":\"La soleia d&#039;Oix\",\"url\":\"https:\\\/\\\/lasoleiadoix.cat\\\/\",\"logo\":{\"@type\":\"ImageObject\",\"inLanguage\":\"fr-FR\",\"@id\":\"https:\\\/\\\/lasoleiadoix.cat\\\/#\\\/schema\\\/logo\\\/image\\\/\",\"url\":\"https:\\\/\\\/lasoleiadoix.cat\\\/wp-content\\\/uploads\\\/logo-1.png\",\"contentUrl\":\"https:\\\/\\\/lasoleiadoix.cat\\\/wp-content\\\/uploads\\\/logo-1.png\",\"width\":468,\"height\":120,\"caption\":\"La soleia d&#039;Oix\"},\"image\":{\"@id\":\"https:\\\/\\\/lasoleiadoix.cat\\\/#\\\/schema\\\/logo\\\/image\\\/\"}}]}<\/script>\n<!-- \/ Yoast SEO plugin. -->","yoast_head_json":{"title":"Bungalows - La soleia d&#039;Oix","description":"Profitez de la nature avec tout le confort ! Nos bungalows en bois sont l'option id\u00e9ale pour ceux qui recherchent un \u00e9quilibre entre le confort d'une","robots":{"index":"index","follow":"follow","max-snippet":"max-snippet:-1","max-image-preview":"max-image-preview:large","max-video-preview":"max-video-preview:-1"},"canonical":"https:\/\/lasoleiadoix.cat\/fr\/allotjament\/bungalows\/","og_locale":"fr_FR","og_type":"article","og_title":"Bungalows - La soleia d&#039;Oix","og_description":"Profitez de la nature avec tout le confort ! Nos bungalows en bois sont l'option id\u00e9ale pour ceux qui recherchent un \u00e9quilibre entre le confort d'une","og_url":"https:\/\/lasoleiadoix.cat\/fr\/allotjament\/bungalows\/","og_site_name":"La soleia d&#039;Oix","article_modified_time":"2025-07-05T06:15:11+00:00","og_image":[{"width":1500,"height":844,"url":"https:\/\/lasoleiadoix.cat\/wp-content\/uploads\/bungalow5.jpg","type":"image\/jpeg"}],"twitter_card":"summary_large_image","twitter_misc":{"Dur\u00e9e de lecture estim\u00e9e":"5 minutes"},"schema":{"@context":"https:\/\/schema.org","@graph":[{"@type":"WebPage","@id":"https:\/\/lasoleiadoix.cat\/fr\/allotjament\/bungalows\/","url":"https:\/\/lasoleiadoix.cat\/fr\/allotjament\/bungalows\/","name":"Bungalows - La soleia d&#039;Oix","isPartOf":{"@id":"https:\/\/lasoleiadoix.cat\/#website"},"primaryImageOfPage":{"@id":"https:\/\/lasoleiadoix.cat\/fr\/allotjament\/bungalows\/#primaryimage"},"image":{"@id":"https:\/\/lasoleiadoix.cat\/fr\/allotjament\/bungalows\/#primaryimage"},"thumbnailUrl":"https:\/\/lasoleiadoix.cat\/wp-content\/uploads\/bungalow5.jpg","datePublished":"2018-11-26T14:35:17+00:00","dateModified":"2025-07-05T06:15:11+00:00","description":"Profitez de la nature avec tout le confort ! Nos bungalows en bois sont l'option id\u00e9ale pour ceux qui recherchent un \u00e9quilibre entre le confort d'une","breadcrumb":{"@id":"https:\/\/lasoleiadoix.cat\/fr\/allotjament\/bungalows\/#breadcrumb"},"inLanguage":"fr-FR","potentialAction":[{"@type":"ReadAction","target":["https:\/\/lasoleiadoix.cat\/fr\/allotjament\/bungalows\/"]}]},{"@type":"ImageObject","inLanguage":"fr-FR","@id":"https:\/\/lasoleiadoix.cat\/fr\/allotjament\/bungalows\/#primaryimage","url":"https:\/\/lasoleiadoix.cat\/wp-content\/uploads\/bungalow5.jpg","contentUrl":"https:\/\/lasoleiadoix.cat\/wp-content\/uploads\/bungalow5.jpg","width":1500,"height":844},{"@type":"BreadcrumbList","@id":"https:\/\/lasoleiadoix.cat\/fr\/allotjament\/bungalows\/#breadcrumb","itemListElement":[{"@type":"ListItem","position":1,"name":"Home","item":"https:\/\/lasoleiadoix.cat\/fr\/"},{"@type":"ListItem","position":2,"name":"H\u00e9bergement","item":"https:\/\/lasoleiadoix.cat\/allotjament\/"},{"@type":"ListItem","position":3,"name":"Bungalows"}]},{"@type":"WebSite","@id":"https:\/\/lasoleiadoix.cat\/#website","url":"https:\/\/lasoleiadoix.cat\/","name":"La soleia d&#039;Oix","description":"Som un petit c\u00e0mping de muntanya situat a l&#039;Espai d&#039;Inter\u00e8s Natural de l&#039;Alta Garrotxa","publisher":{"@id":"https:\/\/lasoleiadoix.cat\/#organization"},"potentialAction":[{"@type":"SearchAction","target":{"@type":"EntryPoint","urlTemplate":"https:\/\/lasoleiadoix.cat\/?s={search_term_string}"},"query-input":{"@type":"PropertyValueSpecification","valueRequired":true,"valueName":"search_term_string"}}],"inLanguage":"fr-FR"},{"@type":"Organization","@id":"https:\/\/lasoleiadoix.cat\/#organization","name":"La soleia d&#039;Oix","url":"https:\/\/lasoleiadoix.cat\/","logo":{"@type":"ImageObject","inLanguage":"fr-FR","@id":"https:\/\/lasoleiadoix.cat\/#\/schema\/logo\/image\/","url":"https:\/\/lasoleiadoix.cat\/wp-content\/uploads\/logo-1.png","contentUrl":"https:\/\/lasoleiadoix.cat\/wp-content\/uploads\/logo-1.png","width":468,"height":120,"caption":"La soleia d&#039;Oix"},"image":{"@id":"https:\/\/lasoleiadoix.cat\/#\/schema\/logo\/image\/"}}]}},"_links":{"self":[{"href":"https:\/\/lasoleiadoix.cat\/fr\/wp-json\/wp\/v2\/pages\/20652","targetHints":{"allow":["GET"]}}],"collection":[{"href":"https:\/\/lasoleiadoix.cat\/fr\/wp-json\/wp\/v2\/pages"}],"about":[{"href":"https:\/\/lasoleiadoix.cat\/fr\/wp-json\/wp\/v2\/types\/page"}],"author":[{"embeddable":true,"href":"https:\/\/lasoleiadoix.cat\/fr\/wp-json\/wp\/v2\/users\/3"}],"replies":[{"embeddable":true,"href":"https:\/\/lasoleiadoix.cat\/fr\/wp-json\/wp\/v2\/comments?post=20652"}],"version-history":[{"count":6,"href":"https:\/\/lasoleiadoix.cat\/fr\/wp-json\/wp\/v2\/pages\/20652\/revisions"}],"predecessor-version":[{"id":21809,"href":"https:\/\/lasoleiadoix.cat\/fr\/wp-json\/wp\/v2\/pages\/20652\/revisions\/21809"}],"up":[{"embeddable":true,"href":"https:\/\/lasoleiadoix.cat\/fr\/wp-json\/wp\/v2\/pages\/20649"}],"wp:featuredmedia":[{"embeddable":true,"href":"https:\/\/lasoleiadoix.cat\/fr\/wp-json\/wp\/v2\/media\/19440"}],"wp:attachment":[{"href":"https:\/\/lasoleiadoix.cat\/fr\/wp-json\/wp\/v2\/media?parent=20652"}],"curies":[{"name":"wp","href":"https:\/\/api.w.org\/{rel}","templated":true}]}}