{"id":20565,"date":"2018-12-03T15:36:42","date_gmt":"2018-12-03T14:36:42","guid":{"rendered":"http:\/\/lasoleiadoix.cat\/politica-de-privacitat\/"},"modified":"2019-09-30T18:28:12","modified_gmt":"2019-09-30T16:28:12","slug":"politica-de-privacitat","status":"publish","type":"page","link":"https:\/\/lasoleiadoix.cat\/fr\/politica-de-privacitat\/","title":{"rendered":"Politique de confidentialit\u00e9"},"content":{"rendered":"<p><strong>POLITIQUE DE CONFIDENTIALIT\u00c9<\/strong><\/p>\n<p>MARIA CARMEN GONGORA FERNANDEZ avec CIF 39169971M avec adresse \u00e0 MAS CAN VILA S \/ N,<br \/>\nOIX (GERONA), 17856, est le propri\u00e9taire du site Web WWW.LASOLEIADOIX.CAT et est responsable du traitement.<br \/>\ndes donn\u00e9es personnelles fournies par les utilisateurs via ce site.<br \/>\nMARIA CARMEN GONGORA FERNANDEZ informe les utilisateurs de ce site de sa politique<br \/>\nconcernant le traitement et la protection des donn\u00e9es personnelles des utilisateurs et des clients<br \/>\npeuvent \u00eatre collect\u00e9s en naviguant et en utilisant ce site.<br \/>\nCe document a pour but d\u2019informer les utilisateurs de ce que nous faisons de leurs donn\u00e9es personnelles,<br \/>\ncomment ils sont collect\u00e9s, \u00e0 quoi servent-ils, les droits qui les aident ainsi que toutes les informations<br \/>\nn\u00e9cessaire \u00e9tabli par la r\u00e9glementation en vigueur.<br \/>\nEn utilisant ce site, nous comprenons que vous ayez lu et compris les informations contenues dans<br \/>\nrelation avec le traitement de vos donn\u00e9es personnelles.<br \/>\nNotre objectif principal est de traiter les donn\u00e9es personnelles de mani\u00e8re licite, loyale et transparente.<\/p>\n<p><strong>Donn\u00e9es collect\u00e9es, but et l\u00e9galit\u00e9<\/strong><br \/>\nLes donn\u00e9es personnelles trait\u00e9es sont celles fournies par les utilisateurs via les formulaires<br \/>\ndisponibles sur ce site et constituent le minimum requis pour envoyer des informations sur nos<br \/>\nproduits \/ services, pour pouvoir passer des commandes, ainsi que pour pouvoir pr\u00e9parer les factures correspondantes,<br \/>\ninformer sur l\u2019\u00e9tat des commandes, r\u00e9pondre aux r\u00e9clamations et \u00e0 toute autre gestion d\u00e9coulant du<br \/>\nprestation du service effectu\u00e9 via ce site.<br \/>\nCes finalit\u00e9s reposent sur les principes juridiques de traitement des donn\u00e9es collect\u00e9es par le<br \/>\nr\u00e9glementation en vigueur: pour l\u2019ex\u00e9cution d\u2019un contrat ou la fourniture d\u2019un service aux utilisateurs, pour<br \/>\nrespect des obligations l\u00e9gales, dans l&rsquo;int\u00e9r\u00eat l\u00e9gitime et avec le consentement des utilisateurs.<\/p>\n<p><strong>Donn\u00e9es collect\u00e9es pour demander des informations via le formulaire Web.<\/strong><br \/>\nLes donn\u00e9es personnelles collect\u00e9es via le formulaire Web pour la demande d\u2019informations ont<br \/>\nLe but d&rsquo;envoyer des informations commerciales sur nos produits et services.<br \/>\nLe traitement des donn\u00e9es dans ce cas particulier est l\u00e9gitim\u00e9 par le consentement expr\u00e8s de<br \/>\nVous nous pr\u00eatez en acceptant la soumission des informations fournies via le formulaire.<\/p>\n<p><strong>Op\u00e9rations effectu\u00e9es avec des donn\u00e9es personnelles<\/strong><br \/>\nLes donn\u00e9es personnelles sont enregistr\u00e9es sur le Web et conserv\u00e9es dans les m\u00e9dias.<br \/>\n\u00e9lectronique contr\u00f4l\u00e9e et supervis\u00e9e par le contr\u00f4leur. Les supports ont le<br \/>\nles mesures techniques et organisationnelles n\u00e9cessaires garantissant la confidentialit\u00e9 du traitement<br \/>\ndes donn\u00e9es.<br \/>\nLe personnel impliqu\u00e9 dans les traitements de donn\u00e9es: acc\u00e8s, \u00e9dition, suppression, etc. est<br \/>\nform\u00e9 pour cela et est form\u00e9 et engag\u00e9 dans notre politique de protection des donn\u00e9es.<\/p>\n<p><strong>Conservation des donn\u00e9es<\/strong><br \/>\nLes donn\u00e9es personnelles seront conserv\u00e9es aussi longtemps que n\u00e9cessaire pour pouvoir assister \u00e0 la conf\u00e9rence.<br \/>\nbut \/ fins pour ceux qui \u00e9taient.<br \/>\nNous conserverons donc vos informations personnelles tant qu\u2019il existe une relation contractuelle et \/ ou<br \/>\ncommerce avec vous ou tant que vous n&rsquo;exercez pas votre droit de supprimer, d&rsquo;annuler et \/ ou de limiter<br \/>\ntraitement de vos donn\u00e9es.<br \/>\nDans ces cas, nous garderons les informations d\u00fbment bloqu\u00e9es, sans les utiliser, tout en<br \/>\nil peut \u00eatre n\u00e9cessaire pour l&rsquo;exercice ou la d\u00e9fense de revendications ou d&rsquo;un type de<br \/>\nresponsabilit\u00e9 judiciaire, juridique ou contractuelle \u00e0 l&rsquo;\u00e9gard de son traitement, qui doit \u00eatre abord\u00e9e et pour laquelle<br \/>\nr\u00e9cup\u00e9ration n\u00e9cessaire.<\/p>\n<p><strong>Protection des mineurs<\/strong><br \/>\nCe site n&rsquo;est pas destin\u00e9 aux utilisateurs mineurs. Si vous \u00eates mineur, veuillez ne pas<br \/>\nessayez de vous enregistrer en tant qu&rsquo;utilisateur. Si nous d\u00e9couvrons par erreur que nous avons obtenu des informations personnelles de<br \/>\nun mineur, nous allons supprimer ces informations d\u00e8s que possible.<\/p>\n<p><strong>Destinataires de vos donn\u00e9es personnelles<\/strong><br \/>\nNous informons les utilisateurs que leurs donn\u00e9es personnelles ne seront pas communiqu\u00e9es \u00e0 des tiers, \u00e0<br \/>\nsauf que ladite communication de donn\u00e9es est prot\u00e9g\u00e9e par une obligation l\u00e9gale ou lorsque<br \/>\nla fourniture correcte du service ou l&rsquo;ex\u00e9cution du contrat, il est n\u00e9cessaire de communiquer vos donn\u00e9es \u00e0 des tiers<br \/>\nresponsables comme d\u2019autres soci\u00e9t\u00e9s du groupe, responsables du traitement.<br \/>\nPour les cas o\u00f9 la communication de donn\u00e9es \u00e0 des tiers n&rsquo;est pas couverte par les bases l\u00e9gales<br \/>\n\u00e9tablie dans la section pr\u00e9c\u00e9dente, la communication des donn\u00e9es \u00e0 d\u2019autres destinataires ne sera effectu\u00e9e que si<br \/>\nL&rsquo;utilisateur a donn\u00e9 son consentement expr\u00e8s.<br \/>\nMARIA CARMEN GONGORA FERNANDEZ applique des crit\u00e8res stricts pour la s\u00e9lection des managers.<br \/>\nde traitement et s\u2019engage contractuellement avec chacun \u00e0 remplir et \u00e0 faire respecter les obligations<br \/>\n\u00e9tablie en termes de protection des donn\u00e9es.<\/p>\n<p><strong>Exercice des droits<\/strong><br \/>\nConform\u00e9ment aux droits conf\u00e9r\u00e9s par la r\u00e9glementation en vigueur en mati\u00e8re de protection des donn\u00e9es<br \/>\ncaract\u00e8re personnel, l&rsquo;utilisateur peut exercer les droits d&rsquo;acc\u00e8s, de rectification, de limitation<br \/>\ntraitement, suppression, portabilit\u00e9 et opposition au traitement de vos donn\u00e9es en adressant votre demande au<br \/>\nadresse postale indiqu\u00e9e ou courriel INFO@LASOLEIADOIX.CAT<br \/>\nPour l&rsquo;exercice des droits, vous devez vous identifier en pr\u00e9sentant votre identit\u00e9.<br \/>\nPour toute r\u00e9clamation, vous pouvez aller au m\u00eame email que celui indiqu\u00e9. Vous pouvez aussi aller au<br \/>\nAgence espagnole pour la protection des donn\u00e9es: www.agpd.es<\/p>\n","protected":false},"excerpt":{"rendered":"<p>POLITIQUE DE CONFIDENTIALIT\u00c9 MARIA CARMEN GONGORA FERNANDEZ avec CIF 39169971M [&hellip;]<\/p>\n","protected":false},"author":3,"featured_media":0,"parent":0,"menu_order":4,"comment_status":"closed","ping_status":"closed","template":"","meta":{"_acf_changed":false,"_monsterinsights_skip_tracking":false,"_monsterinsights_sitenote_active":false,"_monsterinsights_sitenote_note":"","_monsterinsights_sitenote_category":0,"footnotes":""},"class_list":["post-20565","page","type-page","status-publish","hentry"],"acf":[],"yoast_head":"<!-- This site is optimized with the Yoast SEO plugin v27.4 - https:\/\/yoast.com\/product\/yoast-seo-wordpress\/ -->\n<title>Politique de confidentialit\u00e9 - La soleia d&#039;Oix<\/title>\n<meta name=\"description\" content=\"POLITIQUE DE CONFIDENTIALIT\u00c9 MARIA CARMEN GONGORA FERNANDEZ avec CIF 39169971M avec adresse \u00e0 MAS CAN VILA S \/ N, OIX (GERONA), 17856, est le propri\u00e9taire\" \/>\n<meta name=\"robots\" content=\"index, follow, max-snippet:-1, max-image-preview:large, max-video-preview:-1\" \/>\n<link rel=\"canonical\" href=\"https:\/\/lasoleiadoix.cat\/fr\/politica-de-privacitat\/\" \/>\n<meta property=\"og:locale\" content=\"fr_FR\" \/>\n<meta property=\"og:type\" content=\"article\" \/>\n<meta property=\"og:title\" content=\"Politique de confidentialit\u00e9 - La soleia d&#039;Oix\" \/>\n<meta property=\"og:description\" content=\"POLITIQUE DE CONFIDENTIALIT\u00c9 MARIA CARMEN GONGORA FERNANDEZ avec CIF 39169971M avec adresse \u00e0 MAS CAN VILA S \/ N, OIX (GERONA), 17856, est le propri\u00e9taire\" \/>\n<meta property=\"og:url\" content=\"https:\/\/lasoleiadoix.cat\/fr\/politica-de-privacitat\/\" \/>\n<meta property=\"og:site_name\" content=\"La soleia d&#039;Oix\" \/>\n<meta property=\"article:modified_time\" content=\"2019-09-30T16:28:12+00:00\" \/>\n<meta name=\"twitter:card\" content=\"summary_large_image\" \/>\n<meta name=\"twitter:label1\" content=\"Dur\u00e9e de lecture estim\u00e9e\" \/>\n\t<meta name=\"twitter:data1\" content=\"4 minutes\" \/>\n<script type=\"application\/ld+json\" class=\"yoast-schema-graph\">{\"@context\":\"https:\\\/\\\/schema.org\",\"@graph\":[{\"@type\":\"WebPage\",\"@id\":\"https:\\\/\\\/lasoleiadoix.cat\\\/fr\\\/politica-de-privacitat\\\/\",\"url\":\"https:\\\/\\\/lasoleiadoix.cat\\\/fr\\\/politica-de-privacitat\\\/\",\"name\":\"Politique de confidentialit\u00e9 - La soleia d&#039;Oix\",\"isPartOf\":{\"@id\":\"https:\\\/\\\/lasoleiadoix.cat\\\/#website\"},\"datePublished\":\"2018-12-03T14:36:42+00:00\",\"dateModified\":\"2019-09-30T16:28:12+00:00\",\"description\":\"POLITIQUE DE CONFIDENTIALIT\u00c9 MARIA CARMEN GONGORA FERNANDEZ avec CIF 39169971M avec adresse \u00e0 MAS CAN VILA S \\\/ N, OIX (GERONA), 17856, est le propri\u00e9taire\",\"breadcrumb\":{\"@id\":\"https:\\\/\\\/lasoleiadoix.cat\\\/fr\\\/politica-de-privacitat\\\/#breadcrumb\"},\"inLanguage\":\"fr-FR\",\"potentialAction\":[{\"@type\":\"ReadAction\",\"target\":[\"https:\\\/\\\/lasoleiadoix.cat\\\/fr\\\/politica-de-privacitat\\\/\"]}]},{\"@type\":\"BreadcrumbList\",\"@id\":\"https:\\\/\\\/lasoleiadoix.cat\\\/fr\\\/politica-de-privacitat\\\/#breadcrumb\",\"itemListElement\":[{\"@type\":\"ListItem\",\"position\":1,\"name\":\"Home\",\"item\":\"https:\\\/\\\/lasoleiadoix.cat\\\/fr\\\/\"},{\"@type\":\"ListItem\",\"position\":2,\"name\":\"Politique de confidentialit\u00e9\"}]},{\"@type\":\"WebSite\",\"@id\":\"https:\\\/\\\/lasoleiadoix.cat\\\/#website\",\"url\":\"https:\\\/\\\/lasoleiadoix.cat\\\/\",\"name\":\"La soleia d&#039;Oix\",\"description\":\"Som un petit c\u00e0mping de muntanya situat a l&#039;Espai d&#039;Inter\u00e8s Natural de l&#039;Alta Garrotxa\",\"publisher\":{\"@id\":\"https:\\\/\\\/lasoleiadoix.cat\\\/#organization\"},\"potentialAction\":[{\"@type\":\"SearchAction\",\"target\":{\"@type\":\"EntryPoint\",\"urlTemplate\":\"https:\\\/\\\/lasoleiadoix.cat\\\/?s={search_term_string}\"},\"query-input\":{\"@type\":\"PropertyValueSpecification\",\"valueRequired\":true,\"valueName\":\"search_term_string\"}}],\"inLanguage\":\"fr-FR\"},{\"@type\":\"Organization\",\"@id\":\"https:\\\/\\\/lasoleiadoix.cat\\\/#organization\",\"name\":\"La soleia d&#039;Oix\",\"url\":\"https:\\\/\\\/lasoleiadoix.cat\\\/\",\"logo\":{\"@type\":\"ImageObject\",\"inLanguage\":\"fr-FR\",\"@id\":\"https:\\\/\\\/lasoleiadoix.cat\\\/#\\\/schema\\\/logo\\\/image\\\/\",\"url\":\"https:\\\/\\\/lasoleiadoix.cat\\\/wp-content\\\/uploads\\\/logo-1.png\",\"contentUrl\":\"https:\\\/\\\/lasoleiadoix.cat\\\/wp-content\\\/uploads\\\/logo-1.png\",\"width\":468,\"height\":120,\"caption\":\"La soleia d&#039;Oix\"},\"image\":{\"@id\":\"https:\\\/\\\/lasoleiadoix.cat\\\/#\\\/schema\\\/logo\\\/image\\\/\"}}]}<\/script>\n<!-- \/ Yoast SEO plugin. -->","yoast_head_json":{"title":"Politique de confidentialit\u00e9 - La soleia d&#039;Oix","description":"POLITIQUE DE CONFIDENTIALIT\u00c9 MARIA CARMEN GONGORA FERNANDEZ avec CIF 39169971M avec adresse \u00e0 MAS CAN VILA S \/ N, OIX (GERONA), 17856, est le propri\u00e9taire","robots":{"index":"index","follow":"follow","max-snippet":"max-snippet:-1","max-image-preview":"max-image-preview:large","max-video-preview":"max-video-preview:-1"},"canonical":"https:\/\/lasoleiadoix.cat\/fr\/politica-de-privacitat\/","og_locale":"fr_FR","og_type":"article","og_title":"Politique de confidentialit\u00e9 - La soleia d&#039;Oix","og_description":"POLITIQUE DE CONFIDENTIALIT\u00c9 MARIA CARMEN GONGORA FERNANDEZ avec CIF 39169971M avec adresse \u00e0 MAS CAN VILA S \/ N, OIX (GERONA), 17856, est le propri\u00e9taire","og_url":"https:\/\/lasoleiadoix.cat\/fr\/politica-de-privacitat\/","og_site_name":"La soleia d&#039;Oix","article_modified_time":"2019-09-30T16:28:12+00:00","twitter_card":"summary_large_image","twitter_misc":{"Dur\u00e9e de lecture estim\u00e9e":"4 minutes"},"schema":{"@context":"https:\/\/schema.org","@graph":[{"@type":"WebPage","@id":"https:\/\/lasoleiadoix.cat\/fr\/politica-de-privacitat\/","url":"https:\/\/lasoleiadoix.cat\/fr\/politica-de-privacitat\/","name":"Politique de confidentialit\u00e9 - La soleia d&#039;Oix","isPartOf":{"@id":"https:\/\/lasoleiadoix.cat\/#website"},"datePublished":"2018-12-03T14:36:42+00:00","dateModified":"2019-09-30T16:28:12+00:00","description":"POLITIQUE DE CONFIDENTIALIT\u00c9 MARIA CARMEN GONGORA FERNANDEZ avec CIF 39169971M avec adresse \u00e0 MAS CAN VILA S \/ N, OIX (GERONA), 17856, est le propri\u00e9taire","breadcrumb":{"@id":"https:\/\/lasoleiadoix.cat\/fr\/politica-de-privacitat\/#breadcrumb"},"inLanguage":"fr-FR","potentialAction":[{"@type":"ReadAction","target":["https:\/\/lasoleiadoix.cat\/fr\/politica-de-privacitat\/"]}]},{"@type":"BreadcrumbList","@id":"https:\/\/lasoleiadoix.cat\/fr\/politica-de-privacitat\/#breadcrumb","itemListElement":[{"@type":"ListItem","position":1,"name":"Home","item":"https:\/\/lasoleiadoix.cat\/fr\/"},{"@type":"ListItem","position":2,"name":"Politique de confidentialit\u00e9"}]},{"@type":"WebSite","@id":"https:\/\/lasoleiadoix.cat\/#website","url":"https:\/\/lasoleiadoix.cat\/","name":"La soleia d&#039;Oix","description":"Som un petit c\u00e0mping de muntanya situat a l&#039;Espai d&#039;Inter\u00e8s Natural de l&#039;Alta Garrotxa","publisher":{"@id":"https:\/\/lasoleiadoix.cat\/#organization"},"potentialAction":[{"@type":"SearchAction","target":{"@type":"EntryPoint","urlTemplate":"https:\/\/lasoleiadoix.cat\/?s={search_term_string}"},"query-input":{"@type":"PropertyValueSpecification","valueRequired":true,"valueName":"search_term_string"}}],"inLanguage":"fr-FR"},{"@type":"Organization","@id":"https:\/\/lasoleiadoix.cat\/#organization","name":"La soleia d&#039;Oix","url":"https:\/\/lasoleiadoix.cat\/","logo":{"@type":"ImageObject","inLanguage":"fr-FR","@id":"https:\/\/lasoleiadoix.cat\/#\/schema\/logo\/image\/","url":"https:\/\/lasoleiadoix.cat\/wp-content\/uploads\/logo-1.png","contentUrl":"https:\/\/lasoleiadoix.cat\/wp-content\/uploads\/logo-1.png","width":468,"height":120,"caption":"La soleia d&#039;Oix"},"image":{"@id":"https:\/\/lasoleiadoix.cat\/#\/schema\/logo\/image\/"}}]}},"_links":{"self":[{"href":"https:\/\/lasoleiadoix.cat\/fr\/wp-json\/wp\/v2\/pages\/20565","targetHints":{"allow":["GET"]}}],"collection":[{"href":"https:\/\/lasoleiadoix.cat\/fr\/wp-json\/wp\/v2\/pages"}],"about":[{"href":"https:\/\/lasoleiadoix.cat\/fr\/wp-json\/wp\/v2\/types\/page"}],"author":[{"embeddable":true,"href":"https:\/\/lasoleiadoix.cat\/fr\/wp-json\/wp\/v2\/users\/3"}],"replies":[{"embeddable":true,"href":"https:\/\/lasoleiadoix.cat\/fr\/wp-json\/wp\/v2\/comments?post=20565"}],"version-history":[{"count":2,"href":"https:\/\/lasoleiadoix.cat\/fr\/wp-json\/wp\/v2\/pages\/20565\/revisions"}],"predecessor-version":[{"id":21021,"href":"https:\/\/lasoleiadoix.cat\/fr\/wp-json\/wp\/v2\/pages\/20565\/revisions\/21021"}],"wp:attachment":[{"href":"https:\/\/lasoleiadoix.cat\/fr\/wp-json\/wp\/v2\/media?parent=20565"}],"curies":[{"name":"wp","href":"https:\/\/api.w.org\/{rel}","templated":true}]}}