{"id":20554,"date":"2018-12-03T15:35:32","date_gmt":"2018-12-03T14:35:32","guid":{"rendered":"http:\/\/lasoleiadoix.cat\/avis-legal\/"},"modified":"2019-01-16T12:53:12","modified_gmt":"2019-01-16T11:53:12","slug":"avis-legal","status":"publish","type":"page","link":"https:\/\/lasoleiadoix.cat\/fr\/avis-legal\/","title":{"rendered":"Notice l\u00e9gale"},"content":{"rendered":"<p><strong>INFORMATIONS G\u00c9N\u00c9RALES<\/strong><br \/>\nConform\u00e9ment \u00e0 l&rsquo;article 10 de la loi n \u00b0 34\/2002 du 11 juillet sur les services de la soci\u00e9t\u00e9 de l&rsquo;information et le commerce \u00e9lectronique, nous vous communiquons les informations suivantes:<\/p>\n<p>Maria Carme G\u00f3ngora Fern\u00e1ndez est domicili\u00e9e dans la rue Mas Can Vil\u00e0 s \/ n, 17856 de Oix, avec CIF 39169971M.<\/p>\n<p>Lasoleiadoix.cat propose une s\u00e9rie de contenus informatifs sur notre \u00e9tablissement.<\/p>\n<p>L&rsquo;objectif principal est de fournir aux clients et au grand public des informations sur la soci\u00e9t\u00e9, les produits et services disponibles.<\/p>\n<p><strong>CONDITIONS D&rsquo;UTILISATION<\/strong><br \/>\nLes conditions d&rsquo;acc\u00e8s et d&rsquo;utilisation de ce site sont r\u00e9gies par le droit en vigueur et le principe de bonne foi, obligeant l&rsquo;utilisateur \u00e0 faire bon usage du site. Aucune conduite n&rsquo;est autoris\u00e9e contre la loi, les droits ou les int\u00e9r\u00eats de tiers.<\/p>\n<p>\u00catre un utilisateur du site web de lasoleiadoix.cat implique que vous reconnaissez que vous avez lu et accept\u00e9 les pr\u00e9sentes conditions et celles qui prolongent les r\u00e9glementations l\u00e9gales applicables en la mati\u00e8re. Si pour une raison quelconque vous n&rsquo;\u00eates pas d&rsquo;accord avec ces conditions, ne continuez pas \u00e0 utiliser ce site.<\/p>\n<p>Tout type de notification et \/ ou r\u00e9clamation ne sera valable que pour une notification \u00e9crite et \/ ou un courrier certifi\u00e9.<\/p>\n<p><strong>RESPONSABILIT\u00c9S<\/strong><br \/>\nMaria Carme G\u00f3ngora Fern\u00e1ndez n&rsquo;est pas responsable des informations et du contenu stock\u00e9s dans les forums, les r\u00e9seaux sociaux ou tout autre moyen permettant \u00e0 des tiers de publier du contenu de mani\u00e8re ind\u00e9pendante sur le site web du fournisseur.<\/p>\n<p>Cependant, compte tenu de l&rsquo;art. 11 et 16 de la LSSI-CE, Maria Carme G\u00f3ngora Fern\u00e1ndez se charge de retirer ou de bloquer les contenus susceptibles d\u2019affecter ou de contrevenir \u00e0 la l\u00e9gislation nationale ou internationale, aux droits de tiers, au moral et \u00e0 l\u2019ordre public.<\/p>\n<p>La soci\u00e9t\u00e9 ne sera pas non plus responsable des dommages caus\u00e9s par des d\u00e9faillances ou de mauvaises configurations logicielles install\u00e9es sur l&rsquo;ordinateur de l&rsquo;utilisateur. Toute responsabilit\u00e9 pour tout incident technique ou fautif survenant lors de la connexion de l&rsquo;utilisateur \u00e0 Internet est exclue. De m\u00eame, il n\u2019ya aucune garantie d\u2019interruptions ou d\u2019erreurs dans l\u2019acc\u00e8s au site Web.<\/p>\n<p>De plus, Maria Carme G\u00f3ngora Fern\u00e1ndez se r\u00e9serve le droit de mettre \u00e0 jour, de modifier ou de supprimer les informations contenues sur son site web, ainsi que leur configuration ou leur pr\u00e9sentation, \u00e0 tout moment, sans en assumer la responsabilit\u00e9.<\/p>\n<p><strong>PROPRI\u00c9T\u00c9 INTELLECTUELLE ET INDUSTRIELLE<\/strong><br \/>\nMaria Carme G\u00f3ngora Fern\u00e1ndez est titulaire de tous les droits sur le logiciel d&rsquo;\u00e9dition num\u00e9rique ainsi que des droits de propri\u00e9t\u00e9 industrielle et intellectuelle se rapportant au contenu qui y est inclus, \u00e0 l&rsquo;exception des droits sur les produits et services publics. Ils sont la propri\u00e9t\u00e9 de cette soci\u00e9t\u00e9.<\/p>\n<p>Aucun mat\u00e9riel publi\u00e9 sur ce site Web ne peut \u00eatre reproduit, copi\u00e9 ou publi\u00e9 sans l&rsquo;autorisation \u00e9crite de Maria Carme G\u00f3ngora Fern\u00e1ndez.<\/p>\n<p>Toutes les informations re\u00e7ues sur le site, telles que les commentaires, les suggestions ou les id\u00e9es, seront consid\u00e9r\u00e9es comme transf\u00e9r\u00e9es gratuitement \u00e0 Maria Carme G\u00f3ngora Fern\u00e1ndez. Vous ne devez pas envoyer d&rsquo;informations qui NE PEUVENT PAS \u00eatre trait\u00e9es de cette mani\u00e8re.<\/p>\n<p><strong>DROIT APPLICABLE ET JURIDICTION<\/strong><br \/>\nCes conditions g\u00e9n\u00e9rales sont r\u00e9gies par la l\u00e9gislation espagnole. Pour tout litige pouvant survenir concernant le site Web ou l&rsquo;activit\u00e9 en cours de d\u00e9veloppement, le Juzgados de Olot sera comp\u00e9tent, renon\u00e7ant express\u00e9ment l&rsquo;utilisateur \u00e0 toute autre juridiction qui pourrait lui correspondre.<\/p>\n","protected":false},"excerpt":{"rendered":"<p>INFORMATIONS G\u00c9N\u00c9RALES Conform\u00e9ment \u00e0 l&rsquo;article 10 de la loi n [&hellip;]<\/p>\n","protected":false},"author":3,"featured_media":0,"parent":0,"menu_order":2,"comment_status":"closed","ping_status":"closed","template":"","meta":{"_acf_changed":false,"_monsterinsights_skip_tracking":false,"_monsterinsights_sitenote_active":false,"_monsterinsights_sitenote_note":"","_monsterinsights_sitenote_category":0,"footnotes":""},"class_list":["post-20554","page","type-page","status-publish","hentry"],"acf":[],"yoast_head":"<!-- This site is optimized with the Yoast SEO plugin v27.4 - https:\/\/yoast.com\/product\/yoast-seo-wordpress\/ -->\n<title>Notice l\u00e9gale - La soleia d&#039;Oix<\/title>\n<meta name=\"description\" content=\"INFORMATIONS G\u00c9N\u00c9RALES Conform\u00e9ment \u00e0 l&#039;article 10 de la loi n \u00b0 34\/2002 du 11 juillet sur les services de la soci\u00e9t\u00e9 de l&#039;information et le commerce\" \/>\n<meta name=\"robots\" content=\"index, follow, max-snippet:-1, max-image-preview:large, max-video-preview:-1\" \/>\n<link rel=\"canonical\" href=\"https:\/\/lasoleiadoix.cat\/avis-legal\/\" \/>\n<meta property=\"og:locale\" content=\"fr_FR\" \/>\n<meta property=\"og:type\" content=\"article\" \/>\n<meta property=\"og:title\" content=\"Notice l\u00e9gale - La soleia d&#039;Oix\" \/>\n<meta property=\"og:description\" content=\"INFORMATIONS G\u00c9N\u00c9RALES Conform\u00e9ment \u00e0 l&#039;article 10 de la loi n \u00b0 34\/2002 du 11 juillet sur les services de la soci\u00e9t\u00e9 de l&#039;information et le commerce\" \/>\n<meta property=\"og:url\" content=\"https:\/\/lasoleiadoix.cat\/avis-legal\/\" \/>\n<meta property=\"og:site_name\" content=\"La soleia d&#039;Oix\" \/>\n<meta property=\"article:modified_time\" content=\"2019-01-16T11:53:12+00:00\" \/>\n<meta name=\"twitter:card\" content=\"summary_large_image\" \/>\n<meta name=\"twitter:label1\" content=\"Dur\u00e9e de lecture estim\u00e9e\" \/>\n\t<meta name=\"twitter:data1\" content=\"3 minutes\" \/>\n<script type=\"application\/ld+json\" class=\"yoast-schema-graph\">{\"@context\":\"https:\\\/\\\/schema.org\",\"@graph\":[{\"@type\":\"WebPage\",\"@id\":\"https:\\\/\\\/lasoleiadoix.cat\\\/avis-legal\\\/\",\"url\":\"https:\\\/\\\/lasoleiadoix.cat\\\/avis-legal\\\/\",\"name\":\"Notice l\u00e9gale - La soleia d&#039;Oix\",\"isPartOf\":{\"@id\":\"https:\\\/\\\/lasoleiadoix.cat\\\/#website\"},\"datePublished\":\"2018-12-03T14:35:32+00:00\",\"dateModified\":\"2019-01-16T11:53:12+00:00\",\"description\":\"INFORMATIONS G\u00c9N\u00c9RALES Conform\u00e9ment \u00e0 l'article 10 de la loi n \u00b0 34\\\/2002 du 11 juillet sur les services de la soci\u00e9t\u00e9 de l'information et le commerce\",\"breadcrumb\":{\"@id\":\"https:\\\/\\\/lasoleiadoix.cat\\\/avis-legal\\\/#breadcrumb\"},\"inLanguage\":\"fr-FR\",\"potentialAction\":[{\"@type\":\"ReadAction\",\"target\":[\"https:\\\/\\\/lasoleiadoix.cat\\\/avis-legal\\\/\"]}]},{\"@type\":\"BreadcrumbList\",\"@id\":\"https:\\\/\\\/lasoleiadoix.cat\\\/avis-legal\\\/#breadcrumb\",\"itemListElement\":[{\"@type\":\"ListItem\",\"position\":1,\"name\":\"Home\",\"item\":\"https:\\\/\\\/lasoleiadoix.cat\\\/fr\\\/\"},{\"@type\":\"ListItem\",\"position\":2,\"name\":\"Notice l\u00e9gale\"}]},{\"@type\":\"WebSite\",\"@id\":\"https:\\\/\\\/lasoleiadoix.cat\\\/#website\",\"url\":\"https:\\\/\\\/lasoleiadoix.cat\\\/\",\"name\":\"La soleia d&#039;Oix\",\"description\":\"Som un petit c\u00e0mping de muntanya situat a l&#039;Espai d&#039;Inter\u00e8s Natural de l&#039;Alta Garrotxa\",\"publisher\":{\"@id\":\"https:\\\/\\\/lasoleiadoix.cat\\\/#organization\"},\"potentialAction\":[{\"@type\":\"SearchAction\",\"target\":{\"@type\":\"EntryPoint\",\"urlTemplate\":\"https:\\\/\\\/lasoleiadoix.cat\\\/?s={search_term_string}\"},\"query-input\":{\"@type\":\"PropertyValueSpecification\",\"valueRequired\":true,\"valueName\":\"search_term_string\"}}],\"inLanguage\":\"fr-FR\"},{\"@type\":\"Organization\",\"@id\":\"https:\\\/\\\/lasoleiadoix.cat\\\/#organization\",\"name\":\"La soleia d&#039;Oix\",\"url\":\"https:\\\/\\\/lasoleiadoix.cat\\\/\",\"logo\":{\"@type\":\"ImageObject\",\"inLanguage\":\"fr-FR\",\"@id\":\"https:\\\/\\\/lasoleiadoix.cat\\\/#\\\/schema\\\/logo\\\/image\\\/\",\"url\":\"https:\\\/\\\/lasoleiadoix.cat\\\/wp-content\\\/uploads\\\/logo-1.png\",\"contentUrl\":\"https:\\\/\\\/lasoleiadoix.cat\\\/wp-content\\\/uploads\\\/logo-1.png\",\"width\":468,\"height\":120,\"caption\":\"La soleia d&#039;Oix\"},\"image\":{\"@id\":\"https:\\\/\\\/lasoleiadoix.cat\\\/#\\\/schema\\\/logo\\\/image\\\/\"}}]}<\/script>\n<!-- \/ Yoast SEO plugin. -->","yoast_head_json":{"title":"Notice l\u00e9gale - La soleia d&#039;Oix","description":"INFORMATIONS G\u00c9N\u00c9RALES Conform\u00e9ment \u00e0 l'article 10 de la loi n \u00b0 34\/2002 du 11 juillet sur les services de la soci\u00e9t\u00e9 de l'information et le commerce","robots":{"index":"index","follow":"follow","max-snippet":"max-snippet:-1","max-image-preview":"max-image-preview:large","max-video-preview":"max-video-preview:-1"},"canonical":"https:\/\/lasoleiadoix.cat\/avis-legal\/","og_locale":"fr_FR","og_type":"article","og_title":"Notice l\u00e9gale - La soleia d&#039;Oix","og_description":"INFORMATIONS G\u00c9N\u00c9RALES Conform\u00e9ment \u00e0 l'article 10 de la loi n \u00b0 34\/2002 du 11 juillet sur les services de la soci\u00e9t\u00e9 de l'information et le commerce","og_url":"https:\/\/lasoleiadoix.cat\/avis-legal\/","og_site_name":"La soleia d&#039;Oix","article_modified_time":"2019-01-16T11:53:12+00:00","twitter_card":"summary_large_image","twitter_misc":{"Dur\u00e9e de lecture estim\u00e9e":"3 minutes"},"schema":{"@context":"https:\/\/schema.org","@graph":[{"@type":"WebPage","@id":"https:\/\/lasoleiadoix.cat\/avis-legal\/","url":"https:\/\/lasoleiadoix.cat\/avis-legal\/","name":"Notice l\u00e9gale - La soleia d&#039;Oix","isPartOf":{"@id":"https:\/\/lasoleiadoix.cat\/#website"},"datePublished":"2018-12-03T14:35:32+00:00","dateModified":"2019-01-16T11:53:12+00:00","description":"INFORMATIONS G\u00c9N\u00c9RALES Conform\u00e9ment \u00e0 l'article 10 de la loi n \u00b0 34\/2002 du 11 juillet sur les services de la soci\u00e9t\u00e9 de l'information et le commerce","breadcrumb":{"@id":"https:\/\/lasoleiadoix.cat\/avis-legal\/#breadcrumb"},"inLanguage":"fr-FR","potentialAction":[{"@type":"ReadAction","target":["https:\/\/lasoleiadoix.cat\/avis-legal\/"]}]},{"@type":"BreadcrumbList","@id":"https:\/\/lasoleiadoix.cat\/avis-legal\/#breadcrumb","itemListElement":[{"@type":"ListItem","position":1,"name":"Home","item":"https:\/\/lasoleiadoix.cat\/fr\/"},{"@type":"ListItem","position":2,"name":"Notice l\u00e9gale"}]},{"@type":"WebSite","@id":"https:\/\/lasoleiadoix.cat\/#website","url":"https:\/\/lasoleiadoix.cat\/","name":"La soleia d&#039;Oix","description":"Som un petit c\u00e0mping de muntanya situat a l&#039;Espai d&#039;Inter\u00e8s Natural de l&#039;Alta Garrotxa","publisher":{"@id":"https:\/\/lasoleiadoix.cat\/#organization"},"potentialAction":[{"@type":"SearchAction","target":{"@type":"EntryPoint","urlTemplate":"https:\/\/lasoleiadoix.cat\/?s={search_term_string}"},"query-input":{"@type":"PropertyValueSpecification","valueRequired":true,"valueName":"search_term_string"}}],"inLanguage":"fr-FR"},{"@type":"Organization","@id":"https:\/\/lasoleiadoix.cat\/#organization","name":"La soleia d&#039;Oix","url":"https:\/\/lasoleiadoix.cat\/","logo":{"@type":"ImageObject","inLanguage":"fr-FR","@id":"https:\/\/lasoleiadoix.cat\/#\/schema\/logo\/image\/","url":"https:\/\/lasoleiadoix.cat\/wp-content\/uploads\/logo-1.png","contentUrl":"https:\/\/lasoleiadoix.cat\/wp-content\/uploads\/logo-1.png","width":468,"height":120,"caption":"La soleia d&#039;Oix"},"image":{"@id":"https:\/\/lasoleiadoix.cat\/#\/schema\/logo\/image\/"}}]}},"_links":{"self":[{"href":"https:\/\/lasoleiadoix.cat\/fr\/wp-json\/wp\/v2\/pages\/20554","targetHints":{"allow":["GET"]}}],"collection":[{"href":"https:\/\/lasoleiadoix.cat\/fr\/wp-json\/wp\/v2\/pages"}],"about":[{"href":"https:\/\/lasoleiadoix.cat\/fr\/wp-json\/wp\/v2\/types\/page"}],"author":[{"embeddable":true,"href":"https:\/\/lasoleiadoix.cat\/fr\/wp-json\/wp\/v2\/users\/3"}],"replies":[{"embeddable":true,"href":"https:\/\/lasoleiadoix.cat\/fr\/wp-json\/wp\/v2\/comments?post=20554"}],"version-history":[{"count":0,"href":"https:\/\/lasoleiadoix.cat\/fr\/wp-json\/wp\/v2\/pages\/20554\/revisions"}],"wp:attachment":[{"href":"https:\/\/lasoleiadoix.cat\/fr\/wp-json\/wp\/v2\/media?parent=20554"}],"curies":[{"name":"wp","href":"https:\/\/api.w.org\/{rel}","templated":true}]}}