{"id":20295,"date":"2019-01-12T12:34:01","date_gmt":"2019-01-12T11:34:01","guid":{"rendered":"http:\/\/lasoleiadoix.cat\/installacions\/serveis\/"},"modified":"2019-01-13T12:48:23","modified_gmt":"2019-01-13T11:48:23","slug":"serveis","status":"publish","type":"page","link":"https:\/\/lasoleiadoix.cat\/es\/installacions\/serveis\/","title":{"rendered":"Servicios"},"content":{"rendered":"<p>Los sanitarios del camping disponen de calefacci\u00f3n y agua caliente.<\/p>\n<p>Nurser\u00eda con ba\u00f1era para beb\u00e9s, sanitarios para discapacitados, lavadora y secadora y WC qu\u00edmico.<\/p>\n","protected":false},"excerpt":{"rendered":"<p>Los sanitarios del camping disponen de calefacci\u00f3n y agua caliente. [&hellip;]<\/p>\n","protected":false},"author":2,"featured_media":20123,"parent":20291,"menu_order":1,"comment_status":"closed","ping_status":"closed","template":"","meta":{"_acf_changed":false,"_monsterinsights_skip_tracking":false,"_monsterinsights_sitenote_active":false,"_monsterinsights_sitenote_note":"","_monsterinsights_sitenote_category":0,"footnotes":""},"class_list":["post-20295","page","type-page","status-publish","has-post-thumbnail","hentry"],"acf":[],"yoast_head":"<!-- This site is optimized with the Yoast SEO plugin v27.4 - https:\/\/yoast.com\/product\/yoast-seo-wordpress\/ -->\n<title>Servicios - La soleia d&#039;Oix<\/title>\n<meta name=\"description\" content=\"Los sanitarios del camping disponen de calefacci\u00f3n y agua caliente. Nurser\u00eda con ba\u00f1era para beb\u00e9s, sanitarios para discapacitados, lavadora y secadora y\" \/>\n<meta name=\"robots\" content=\"index, follow, max-snippet:-1, max-image-preview:large, max-video-preview:-1\" \/>\n<link rel=\"canonical\" href=\"https:\/\/lasoleiadoix.cat\/es\/installacions\/serveis\/\" \/>\n<meta property=\"og:locale\" content=\"es_ES\" \/>\n<meta property=\"og:type\" content=\"article\" \/>\n<meta property=\"og:title\" content=\"Servicios - La soleia d&#039;Oix\" \/>\n<meta property=\"og:description\" content=\"Los sanitarios del camping disponen de calefacci\u00f3n y agua caliente. Nurser\u00eda con ba\u00f1era para beb\u00e9s, sanitarios para discapacitados, lavadora y secadora y\" \/>\n<meta property=\"og:url\" content=\"https:\/\/lasoleiadoix.cat\/es\/installacions\/serveis\/\" \/>\n<meta property=\"og:site_name\" content=\"La soleia d&#039;Oix\" \/>\n<meta property=\"article:modified_time\" content=\"2019-01-13T11:48:23+00:00\" \/>\n<meta property=\"og:image\" content=\"https:\/\/lasoleiadoix.cat\/wp-content\/uploads\/serveis.jpg\" \/>\n\t<meta property=\"og:image:width\" content=\"2048\" \/>\n\t<meta property=\"og:image:height\" content=\"1369\" \/>\n\t<meta property=\"og:image:type\" content=\"image\/jpeg\" \/>\n<meta name=\"twitter:card\" content=\"summary_large_image\" \/>\n<script type=\"application\/ld+json\" class=\"yoast-schema-graph\">{\"@context\":\"https:\\\/\\\/schema.org\",\"@graph\":[{\"@type\":\"WebPage\",\"@id\":\"https:\\\/\\\/lasoleiadoix.cat\\\/es\\\/installacions\\\/serveis\\\/\",\"url\":\"https:\\\/\\\/lasoleiadoix.cat\\\/es\\\/installacions\\\/serveis\\\/\",\"name\":\"Servicios - La soleia d&#039;Oix\",\"isPartOf\":{\"@id\":\"https:\\\/\\\/lasoleiadoix.cat\\\/#website\"},\"primaryImageOfPage\":{\"@id\":\"https:\\\/\\\/lasoleiadoix.cat\\\/es\\\/installacions\\\/serveis\\\/#primaryimage\"},\"image\":{\"@id\":\"https:\\\/\\\/lasoleiadoix.cat\\\/es\\\/installacions\\\/serveis\\\/#primaryimage\"},\"thumbnailUrl\":\"https:\\\/\\\/lasoleiadoix.cat\\\/wp-content\\\/uploads\\\/serveis.jpg\",\"datePublished\":\"2019-01-12T11:34:01+00:00\",\"dateModified\":\"2019-01-13T11:48:23+00:00\",\"description\":\"Los sanitarios del camping disponen de calefacci\u00f3n y agua caliente. Nurser\u00eda con ba\u00f1era para beb\u00e9s, sanitarios para discapacitados, lavadora y secadora y\",\"breadcrumb\":{\"@id\":\"https:\\\/\\\/lasoleiadoix.cat\\\/es\\\/installacions\\\/serveis\\\/#breadcrumb\"},\"inLanguage\":\"es\",\"potentialAction\":[{\"@type\":\"ReadAction\",\"target\":[\"https:\\\/\\\/lasoleiadoix.cat\\\/es\\\/installacions\\\/serveis\\\/\"]}]},{\"@type\":\"ImageObject\",\"inLanguage\":\"es\",\"@id\":\"https:\\\/\\\/lasoleiadoix.cat\\\/es\\\/installacions\\\/serveis\\\/#primaryimage\",\"url\":\"https:\\\/\\\/lasoleiadoix.cat\\\/wp-content\\\/uploads\\\/serveis.jpg\",\"contentUrl\":\"https:\\\/\\\/lasoleiadoix.cat\\\/wp-content\\\/uploads\\\/serveis.jpg\",\"width\":2048,\"height\":1369,\"caption\":\"SONY DSC\"},{\"@type\":\"BreadcrumbList\",\"@id\":\"https:\\\/\\\/lasoleiadoix.cat\\\/es\\\/installacions\\\/serveis\\\/#breadcrumb\",\"itemListElement\":[{\"@type\":\"ListItem\",\"position\":1,\"name\":\"Home\",\"item\":\"https:\\\/\\\/lasoleiadoix.cat\\\/es\\\/\"},{\"@type\":\"ListItem\",\"position\":2,\"name\":\"Instalaciones\",\"item\":\"https:\\\/\\\/lasoleiadoix.cat\\\/es\\\/installacions\\\/\"},{\"@type\":\"ListItem\",\"position\":3,\"name\":\"Servicios\"}]},{\"@type\":\"WebSite\",\"@id\":\"https:\\\/\\\/lasoleiadoix.cat\\\/#website\",\"url\":\"https:\\\/\\\/lasoleiadoix.cat\\\/\",\"name\":\"La soleia d&#039;Oix\",\"description\":\"Som un petit c\u00e0mping de muntanya situat a l&#039;Espai d&#039;Inter\u00e8s Natural de l&#039;Alta Garrotxa\",\"publisher\":{\"@id\":\"https:\\\/\\\/lasoleiadoix.cat\\\/#organization\"},\"potentialAction\":[{\"@type\":\"SearchAction\",\"target\":{\"@type\":\"EntryPoint\",\"urlTemplate\":\"https:\\\/\\\/lasoleiadoix.cat\\\/?s={search_term_string}\"},\"query-input\":{\"@type\":\"PropertyValueSpecification\",\"valueRequired\":true,\"valueName\":\"search_term_string\"}}],\"inLanguage\":\"es\"},{\"@type\":\"Organization\",\"@id\":\"https:\\\/\\\/lasoleiadoix.cat\\\/#organization\",\"name\":\"La soleia d&#039;Oix\",\"url\":\"https:\\\/\\\/lasoleiadoix.cat\\\/\",\"logo\":{\"@type\":\"ImageObject\",\"inLanguage\":\"es\",\"@id\":\"https:\\\/\\\/lasoleiadoix.cat\\\/#\\\/schema\\\/logo\\\/image\\\/\",\"url\":\"https:\\\/\\\/lasoleiadoix.cat\\\/wp-content\\\/uploads\\\/logo-1.png\",\"contentUrl\":\"https:\\\/\\\/lasoleiadoix.cat\\\/wp-content\\\/uploads\\\/logo-1.png\",\"width\":468,\"height\":120,\"caption\":\"La soleia d&#039;Oix\"},\"image\":{\"@id\":\"https:\\\/\\\/lasoleiadoix.cat\\\/#\\\/schema\\\/logo\\\/image\\\/\"}}]}<\/script>\n<!-- \/ Yoast SEO plugin. -->","yoast_head_json":{"title":"Servicios - La soleia d&#039;Oix","description":"Los sanitarios del camping disponen de calefacci\u00f3n y agua caliente. Nurser\u00eda con ba\u00f1era para beb\u00e9s, sanitarios para discapacitados, lavadora y secadora y","robots":{"index":"index","follow":"follow","max-snippet":"max-snippet:-1","max-image-preview":"max-image-preview:large","max-video-preview":"max-video-preview:-1"},"canonical":"https:\/\/lasoleiadoix.cat\/es\/installacions\/serveis\/","og_locale":"es_ES","og_type":"article","og_title":"Servicios - La soleia d&#039;Oix","og_description":"Los sanitarios del camping disponen de calefacci\u00f3n y agua caliente. Nurser\u00eda con ba\u00f1era para beb\u00e9s, sanitarios para discapacitados, lavadora y secadora y","og_url":"https:\/\/lasoleiadoix.cat\/es\/installacions\/serveis\/","og_site_name":"La soleia d&#039;Oix","article_modified_time":"2019-01-13T11:48:23+00:00","og_image":[{"width":2048,"height":1369,"url":"https:\/\/lasoleiadoix.cat\/wp-content\/uploads\/serveis.jpg","type":"image\/jpeg"}],"twitter_card":"summary_large_image","schema":{"@context":"https:\/\/schema.org","@graph":[{"@type":"WebPage","@id":"https:\/\/lasoleiadoix.cat\/es\/installacions\/serveis\/","url":"https:\/\/lasoleiadoix.cat\/es\/installacions\/serveis\/","name":"Servicios - La soleia d&#039;Oix","isPartOf":{"@id":"https:\/\/lasoleiadoix.cat\/#website"},"primaryImageOfPage":{"@id":"https:\/\/lasoleiadoix.cat\/es\/installacions\/serveis\/#primaryimage"},"image":{"@id":"https:\/\/lasoleiadoix.cat\/es\/installacions\/serveis\/#primaryimage"},"thumbnailUrl":"https:\/\/lasoleiadoix.cat\/wp-content\/uploads\/serveis.jpg","datePublished":"2019-01-12T11:34:01+00:00","dateModified":"2019-01-13T11:48:23+00:00","description":"Los sanitarios del camping disponen de calefacci\u00f3n y agua caliente. Nurser\u00eda con ba\u00f1era para beb\u00e9s, sanitarios para discapacitados, lavadora y secadora y","breadcrumb":{"@id":"https:\/\/lasoleiadoix.cat\/es\/installacions\/serveis\/#breadcrumb"},"inLanguage":"es","potentialAction":[{"@type":"ReadAction","target":["https:\/\/lasoleiadoix.cat\/es\/installacions\/serveis\/"]}]},{"@type":"ImageObject","inLanguage":"es","@id":"https:\/\/lasoleiadoix.cat\/es\/installacions\/serveis\/#primaryimage","url":"https:\/\/lasoleiadoix.cat\/wp-content\/uploads\/serveis.jpg","contentUrl":"https:\/\/lasoleiadoix.cat\/wp-content\/uploads\/serveis.jpg","width":2048,"height":1369,"caption":"SONY DSC"},{"@type":"BreadcrumbList","@id":"https:\/\/lasoleiadoix.cat\/es\/installacions\/serveis\/#breadcrumb","itemListElement":[{"@type":"ListItem","position":1,"name":"Home","item":"https:\/\/lasoleiadoix.cat\/es\/"},{"@type":"ListItem","position":2,"name":"Instalaciones","item":"https:\/\/lasoleiadoix.cat\/es\/installacions\/"},{"@type":"ListItem","position":3,"name":"Servicios"}]},{"@type":"WebSite","@id":"https:\/\/lasoleiadoix.cat\/#website","url":"https:\/\/lasoleiadoix.cat\/","name":"La soleia d&#039;Oix","description":"Som un petit c\u00e0mping de muntanya situat a l&#039;Espai d&#039;Inter\u00e8s Natural de l&#039;Alta Garrotxa","publisher":{"@id":"https:\/\/lasoleiadoix.cat\/#organization"},"potentialAction":[{"@type":"SearchAction","target":{"@type":"EntryPoint","urlTemplate":"https:\/\/lasoleiadoix.cat\/?s={search_term_string}"},"query-input":{"@type":"PropertyValueSpecification","valueRequired":true,"valueName":"search_term_string"}}],"inLanguage":"es"},{"@type":"Organization","@id":"https:\/\/lasoleiadoix.cat\/#organization","name":"La soleia d&#039;Oix","url":"https:\/\/lasoleiadoix.cat\/","logo":{"@type":"ImageObject","inLanguage":"es","@id":"https:\/\/lasoleiadoix.cat\/#\/schema\/logo\/image\/","url":"https:\/\/lasoleiadoix.cat\/wp-content\/uploads\/logo-1.png","contentUrl":"https:\/\/lasoleiadoix.cat\/wp-content\/uploads\/logo-1.png","width":468,"height":120,"caption":"La soleia d&#039;Oix"},"image":{"@id":"https:\/\/lasoleiadoix.cat\/#\/schema\/logo\/image\/"}}]}},"_links":{"self":[{"href":"https:\/\/lasoleiadoix.cat\/es\/wp-json\/wp\/v2\/pages\/20295","targetHints":{"allow":["GET"]}}],"collection":[{"href":"https:\/\/lasoleiadoix.cat\/es\/wp-json\/wp\/v2\/pages"}],"about":[{"href":"https:\/\/lasoleiadoix.cat\/es\/wp-json\/wp\/v2\/types\/page"}],"author":[{"embeddable":true,"href":"https:\/\/lasoleiadoix.cat\/es\/wp-json\/wp\/v2\/users\/2"}],"replies":[{"embeddable":true,"href":"https:\/\/lasoleiadoix.cat\/es\/wp-json\/wp\/v2\/comments?post=20295"}],"version-history":[{"count":0,"href":"https:\/\/lasoleiadoix.cat\/es\/wp-json\/wp\/v2\/pages\/20295\/revisions"}],"up":[{"embeddable":true,"href":"https:\/\/lasoleiadoix.cat\/es\/wp-json\/wp\/v2\/pages\/20291"}],"wp:featuredmedia":[{"embeddable":true,"href":"https:\/\/lasoleiadoix.cat\/es\/wp-json\/wp\/v2\/media\/20123"}],"wp:attachment":[{"href":"https:\/\/lasoleiadoix.cat\/es\/wp-json\/wp\/v2\/media?parent=20295"}],"curies":[{"name":"wp","href":"https:\/\/api.w.org\/{rel}","templated":true}]}}