{"id":20288,"date":"2018-11-26T15:34:57","date_gmt":"2018-11-26T14:34:57","guid":{"rendered":"http:\/\/lasoleiadoix.cat\/parcel%c2%b7les\/"},"modified":"2019-01-13T15:59:18","modified_gmt":"2019-01-13T14:59:18","slug":"parcel%c2%b7les","status":"publish","type":"page","link":"https:\/\/lasoleiadoix.cat\/es\/parcel%c2%b7les\/","title":{"rendered":"Parcelas"},"content":{"rendered":"<p>El camping dispone de amplias parcelas, la gran mayor\u00eda de unos 100 m2.<\/p>\n<p>Tienen conexi\u00f3n el\u00e9ctrica y algunas tambi\u00e9n disponen de agua sanitaria.<\/p>\n","protected":false},"excerpt":{"rendered":"<p>El camping dispone de amplias parcelas, la gran mayor\u00eda de [&hellip;]<\/p>\n","protected":false},"author":3,"featured_media":19850,"parent":0,"menu_order":3,"comment_status":"closed","ping_status":"closed","template":"","meta":{"_acf_changed":false,"_monsterinsights_skip_tracking":false,"_monsterinsights_sitenote_active":false,"_monsterinsights_sitenote_note":"","_monsterinsights_sitenote_category":0,"footnotes":""},"class_list":["post-20288","page","type-page","status-publish","has-post-thumbnail","hentry"],"acf":[],"yoast_head":"<!-- This site is optimized with the Yoast SEO plugin v27.4 - https:\/\/yoast.com\/product\/yoast-seo-wordpress\/ -->\n<title>Parcelas - La soleia d&#039;Oix<\/title>\n<meta name=\"description\" content=\"El camping dispone de amplias parcelas, la gran mayor\u00eda de unos 100 m2.  Tienen conexi\u00f3n el\u00e9ctrica y algunas tambi\u00e9n disponen de agua sanitaria.\" \/>\n<meta name=\"robots\" content=\"index, follow, max-snippet:-1, max-image-preview:large, max-video-preview:-1\" \/>\n<link rel=\"canonical\" href=\"https:\/\/lasoleiadoix.cat\/es\/parcel\u00b7les\/\" \/>\n<meta property=\"og:locale\" content=\"es_ES\" \/>\n<meta property=\"og:type\" content=\"article\" \/>\n<meta property=\"og:title\" content=\"Parcelas - La soleia d&#039;Oix\" \/>\n<meta property=\"og:description\" content=\"El camping dispone de amplias parcelas, la gran mayor\u00eda de unos 100 m2.  Tienen conexi\u00f3n el\u00e9ctrica y algunas tambi\u00e9n disponen de agua sanitaria.\" \/>\n<meta property=\"og:url\" content=\"https:\/\/lasoleiadoix.cat\/es\/parcel\u00b7les\/\" \/>\n<meta property=\"og:site_name\" content=\"La soleia d&#039;Oix\" \/>\n<meta property=\"article:modified_time\" content=\"2019-01-13T14:59:18+00:00\" \/>\n<meta property=\"og:image\" content=\"https:\/\/lasoleiadoix.cat\/wp-content\/uploads\/img-20170730-121919-1.jpg\" \/>\n\t<meta property=\"og:image:width\" content=\"2048\" \/>\n\t<meta property=\"og:image:height\" content=\"950\" \/>\n\t<meta property=\"og:image:type\" content=\"image\/jpeg\" \/>\n<meta name=\"twitter:card\" content=\"summary_large_image\" \/>\n<script type=\"application\/ld+json\" class=\"yoast-schema-graph\">{\"@context\":\"https:\\\/\\\/schema.org\",\"@graph\":[{\"@type\":\"WebPage\",\"@id\":\"https:\\\/\\\/lasoleiadoix.cat\\\/es\\\/parcel%c2%b7les\\\/\",\"url\":\"https:\\\/\\\/lasoleiadoix.cat\\\/es\\\/parcel%c2%b7les\\\/\",\"name\":\"Parcelas - La soleia d&#039;Oix\",\"isPartOf\":{\"@id\":\"https:\\\/\\\/lasoleiadoix.cat\\\/#website\"},\"primaryImageOfPage\":{\"@id\":\"https:\\\/\\\/lasoleiadoix.cat\\\/es\\\/parcel%c2%b7les\\\/#primaryimage\"},\"image\":{\"@id\":\"https:\\\/\\\/lasoleiadoix.cat\\\/es\\\/parcel%c2%b7les\\\/#primaryimage\"},\"thumbnailUrl\":\"https:\\\/\\\/lasoleiadoix.cat\\\/wp-content\\\/uploads\\\/img-20170730-121919-1.jpg\",\"datePublished\":\"2018-11-26T14:34:57+00:00\",\"dateModified\":\"2019-01-13T14:59:18+00:00\",\"description\":\"El camping dispone de amplias parcelas, la gran mayor\u00eda de unos 100 m2. Tienen conexi\u00f3n el\u00e9ctrica y algunas tambi\u00e9n disponen de agua sanitaria.\",\"breadcrumb\":{\"@id\":\"https:\\\/\\\/lasoleiadoix.cat\\\/es\\\/parcel%c2%b7les\\\/#breadcrumb\"},\"inLanguage\":\"es\",\"potentialAction\":[{\"@type\":\"ReadAction\",\"target\":[\"https:\\\/\\\/lasoleiadoix.cat\\\/es\\\/parcel%c2%b7les\\\/\"]}]},{\"@type\":\"ImageObject\",\"inLanguage\":\"es\",\"@id\":\"https:\\\/\\\/lasoleiadoix.cat\\\/es\\\/parcel%c2%b7les\\\/#primaryimage\",\"url\":\"https:\\\/\\\/lasoleiadoix.cat\\\/wp-content\\\/uploads\\\/img-20170730-121919-1.jpg\",\"contentUrl\":\"https:\\\/\\\/lasoleiadoix.cat\\\/wp-content\\\/uploads\\\/img-20170730-121919-1.jpg\",\"width\":2048,\"height\":950},{\"@type\":\"BreadcrumbList\",\"@id\":\"https:\\\/\\\/lasoleiadoix.cat\\\/es\\\/parcel%c2%b7les\\\/#breadcrumb\",\"itemListElement\":[{\"@type\":\"ListItem\",\"position\":1,\"name\":\"Home\",\"item\":\"https:\\\/\\\/lasoleiadoix.cat\\\/es\\\/\"},{\"@type\":\"ListItem\",\"position\":2,\"name\":\"Parcelas\"}]},{\"@type\":\"WebSite\",\"@id\":\"https:\\\/\\\/lasoleiadoix.cat\\\/#website\",\"url\":\"https:\\\/\\\/lasoleiadoix.cat\\\/\",\"name\":\"La soleia d&#039;Oix\",\"description\":\"Som un petit c\u00e0mping de muntanya situat a l&#039;Espai d&#039;Inter\u00e8s Natural de l&#039;Alta Garrotxa\",\"publisher\":{\"@id\":\"https:\\\/\\\/lasoleiadoix.cat\\\/#organization\"},\"potentialAction\":[{\"@type\":\"SearchAction\",\"target\":{\"@type\":\"EntryPoint\",\"urlTemplate\":\"https:\\\/\\\/lasoleiadoix.cat\\\/?s={search_term_string}\"},\"query-input\":{\"@type\":\"PropertyValueSpecification\",\"valueRequired\":true,\"valueName\":\"search_term_string\"}}],\"inLanguage\":\"es\"},{\"@type\":\"Organization\",\"@id\":\"https:\\\/\\\/lasoleiadoix.cat\\\/#organization\",\"name\":\"La soleia d&#039;Oix\",\"url\":\"https:\\\/\\\/lasoleiadoix.cat\\\/\",\"logo\":{\"@type\":\"ImageObject\",\"inLanguage\":\"es\",\"@id\":\"https:\\\/\\\/lasoleiadoix.cat\\\/#\\\/schema\\\/logo\\\/image\\\/\",\"url\":\"https:\\\/\\\/lasoleiadoix.cat\\\/wp-content\\\/uploads\\\/logo-1.png\",\"contentUrl\":\"https:\\\/\\\/lasoleiadoix.cat\\\/wp-content\\\/uploads\\\/logo-1.png\",\"width\":468,\"height\":120,\"caption\":\"La soleia d&#039;Oix\"},\"image\":{\"@id\":\"https:\\\/\\\/lasoleiadoix.cat\\\/#\\\/schema\\\/logo\\\/image\\\/\"}}]}<\/script>\n<!-- \/ Yoast SEO plugin. -->","yoast_head_json":{"title":"Parcelas - La soleia d&#039;Oix","description":"El camping dispone de amplias parcelas, la gran mayor\u00eda de unos 100 m2.  Tienen conexi\u00f3n el\u00e9ctrica y algunas tambi\u00e9n disponen de agua sanitaria.","robots":{"index":"index","follow":"follow","max-snippet":"max-snippet:-1","max-image-preview":"max-image-preview:large","max-video-preview":"max-video-preview:-1"},"canonical":"https:\/\/lasoleiadoix.cat\/es\/parcel\u00b7les\/","og_locale":"es_ES","og_type":"article","og_title":"Parcelas - La soleia d&#039;Oix","og_description":"El camping dispone de amplias parcelas, la gran mayor\u00eda de unos 100 m2.  Tienen conexi\u00f3n el\u00e9ctrica y algunas tambi\u00e9n disponen de agua sanitaria.","og_url":"https:\/\/lasoleiadoix.cat\/es\/parcel\u00b7les\/","og_site_name":"La soleia d&#039;Oix","article_modified_time":"2019-01-13T14:59:18+00:00","og_image":[{"width":2048,"height":950,"url":"https:\/\/lasoleiadoix.cat\/wp-content\/uploads\/img-20170730-121919-1.jpg","type":"image\/jpeg"}],"twitter_card":"summary_large_image","schema":{"@context":"https:\/\/schema.org","@graph":[{"@type":"WebPage","@id":"https:\/\/lasoleiadoix.cat\/es\/parcel%c2%b7les\/","url":"https:\/\/lasoleiadoix.cat\/es\/parcel%c2%b7les\/","name":"Parcelas - La soleia d&#039;Oix","isPartOf":{"@id":"https:\/\/lasoleiadoix.cat\/#website"},"primaryImageOfPage":{"@id":"https:\/\/lasoleiadoix.cat\/es\/parcel%c2%b7les\/#primaryimage"},"image":{"@id":"https:\/\/lasoleiadoix.cat\/es\/parcel%c2%b7les\/#primaryimage"},"thumbnailUrl":"https:\/\/lasoleiadoix.cat\/wp-content\/uploads\/img-20170730-121919-1.jpg","datePublished":"2018-11-26T14:34:57+00:00","dateModified":"2019-01-13T14:59:18+00:00","description":"El camping dispone de amplias parcelas, la gran mayor\u00eda de unos 100 m2. Tienen conexi\u00f3n el\u00e9ctrica y algunas tambi\u00e9n disponen de agua sanitaria.","breadcrumb":{"@id":"https:\/\/lasoleiadoix.cat\/es\/parcel%c2%b7les\/#breadcrumb"},"inLanguage":"es","potentialAction":[{"@type":"ReadAction","target":["https:\/\/lasoleiadoix.cat\/es\/parcel%c2%b7les\/"]}]},{"@type":"ImageObject","inLanguage":"es","@id":"https:\/\/lasoleiadoix.cat\/es\/parcel%c2%b7les\/#primaryimage","url":"https:\/\/lasoleiadoix.cat\/wp-content\/uploads\/img-20170730-121919-1.jpg","contentUrl":"https:\/\/lasoleiadoix.cat\/wp-content\/uploads\/img-20170730-121919-1.jpg","width":2048,"height":950},{"@type":"BreadcrumbList","@id":"https:\/\/lasoleiadoix.cat\/es\/parcel%c2%b7les\/#breadcrumb","itemListElement":[{"@type":"ListItem","position":1,"name":"Home","item":"https:\/\/lasoleiadoix.cat\/es\/"},{"@type":"ListItem","position":2,"name":"Parcelas"}]},{"@type":"WebSite","@id":"https:\/\/lasoleiadoix.cat\/#website","url":"https:\/\/lasoleiadoix.cat\/","name":"La soleia d&#039;Oix","description":"Som un petit c\u00e0mping de muntanya situat a l&#039;Espai d&#039;Inter\u00e8s Natural de l&#039;Alta Garrotxa","publisher":{"@id":"https:\/\/lasoleiadoix.cat\/#organization"},"potentialAction":[{"@type":"SearchAction","target":{"@type":"EntryPoint","urlTemplate":"https:\/\/lasoleiadoix.cat\/?s={search_term_string}"},"query-input":{"@type":"PropertyValueSpecification","valueRequired":true,"valueName":"search_term_string"}}],"inLanguage":"es"},{"@type":"Organization","@id":"https:\/\/lasoleiadoix.cat\/#organization","name":"La soleia d&#039;Oix","url":"https:\/\/lasoleiadoix.cat\/","logo":{"@type":"ImageObject","inLanguage":"es","@id":"https:\/\/lasoleiadoix.cat\/#\/schema\/logo\/image\/","url":"https:\/\/lasoleiadoix.cat\/wp-content\/uploads\/logo-1.png","contentUrl":"https:\/\/lasoleiadoix.cat\/wp-content\/uploads\/logo-1.png","width":468,"height":120,"caption":"La soleia d&#039;Oix"},"image":{"@id":"https:\/\/lasoleiadoix.cat\/#\/schema\/logo\/image\/"}}]}},"_links":{"self":[{"href":"https:\/\/lasoleiadoix.cat\/es\/wp-json\/wp\/v2\/pages\/20288","targetHints":{"allow":["GET"]}}],"collection":[{"href":"https:\/\/lasoleiadoix.cat\/es\/wp-json\/wp\/v2\/pages"}],"about":[{"href":"https:\/\/lasoleiadoix.cat\/es\/wp-json\/wp\/v2\/types\/page"}],"author":[{"embeddable":true,"href":"https:\/\/lasoleiadoix.cat\/es\/wp-json\/wp\/v2\/users\/3"}],"replies":[{"embeddable":true,"href":"https:\/\/lasoleiadoix.cat\/es\/wp-json\/wp\/v2\/comments?post=20288"}],"version-history":[{"count":0,"href":"https:\/\/lasoleiadoix.cat\/es\/wp-json\/wp\/v2\/pages\/20288\/revisions"}],"wp:featuredmedia":[{"embeddable":true,"href":"https:\/\/lasoleiadoix.cat\/es\/wp-json\/wp\/v2\/media\/19850"}],"wp:attachment":[{"href":"https:\/\/lasoleiadoix.cat\/es\/wp-json\/wp\/v2\/media?parent=20288"}],"curies":[{"name":"wp","href":"https:\/\/api.w.org\/{rel}","templated":true}]}}